{"id":1269,"date":"2025-03-25T11:42:22","date_gmt":"2025-03-25T11:42:22","guid":{"rendered":"https:\/\/strona.biblioteka-gabin.pl\/?page_id=1269"},"modified":"2025-10-07T14:20:49","modified_gmt":"2025-10-07T14:20:49","slug":"ogloszenia","status":"publish","type":"page","link":"https:\/\/biblioteka-gabin.pl\/index.php\/ogloszenia\/","title":{"rendered":"Og\u0142oszenia"},"content":{"rendered":"\n<h2 class=\"wp-block-heading has-text-align-center\" style=\"font-style:normal;font-weight:100\">AKTUALNO\u015aCI:<\/h2>\n\n\n\n<div class=\"wp-block-query is-layout-flow wp-block-query-is-layout-flow\"><ul class=\"wp-block-post-template is-layout-flow wp-block-post-template-is-layout-flow\"><li class=\"wp-block-post post-10791 post type-post status-publish format-standard has-post-thumbnail hentry category-main category-ogloszenia\">\n<h2 class=\"wp-block-post-title\"><a href=\"https:\/\/biblioteka-gabin.pl\/index.php\/2026\/04\/08\/konkurs-recytatorski-pieknie-byc-czlowiekiem-2\/\" target=\"_self\" >Konkurs recytatorski &#8222;Pi\u0119knie by\u0107 cz\u0142owiekiem&#8221;<\/a><\/h2>\n\n<figure class=\"alignwide wp-block-post-featured-image\"><a href=\"https:\/\/biblioteka-gabin.pl\/index.php\/2026\/04\/08\/konkurs-recytatorski-pieknie-byc-czlowiekiem-2\/\" target=\"_self\"  ><img width=\"1817\" height=\"2560\" src=\"https:\/\/biblioteka-gabin.pl\/wp-content\/uploads\/2026\/04\/logo-pieknie-byc-czlowiekiem.jpg\" class=\"attachment-post-thumbnail size-post-thumbnail wp-post-image\" alt=\"Konkurs recytatorski &#8222;Pi\u0119knie by\u0107 cz\u0142owiekiem&#8221;\" style=\"object-fit:cover;\" srcset=\"https:\/\/biblioteka-gabin.pl\/wp-content\/uploads\/2026\/04\/logo-pieknie-byc-czlowiekiem.jpg 1817w, https:\/\/biblioteka-gabin.pl\/wp-content\/uploads\/2026\/04\/logo-pieknie-byc-czlowiekiem-213x300.jpg 213w, https:\/\/biblioteka-gabin.pl\/wp-content\/uploads\/2026\/04\/logo-pieknie-byc-czlowiekiem-727x1024.jpg 727w, https:\/\/biblioteka-gabin.pl\/wp-content\/uploads\/2026\/04\/logo-pieknie-byc-czlowiekiem-768x1082.jpg 768w, https:\/\/biblioteka-gabin.pl\/wp-content\/uploads\/2026\/04\/logo-pieknie-byc-czlowiekiem-1090x1536.jpg 1090w, https:\/\/biblioteka-gabin.pl\/wp-content\/uploads\/2026\/04\/logo-pieknie-byc-czlowiekiem-1454x2048.jpg 1454w, https:\/\/biblioteka-gabin.pl\/wp-content\/uploads\/2026\/04\/logo-pieknie-byc-czlowiekiem-1024x1443.jpg 1024w\" sizes=\"auto, (max-width: 1817px) 100vw, 1817px\" loading=\"lazy\" decoding=\"async\" \/><\/a><\/figure>\n\n<div class=\"wp-block-post-excerpt\"><p class=\"wp-block-post-excerpt__excerpt\">Miejsko-Gminna Biblioteka Publiczna w G\u0105binie zaprasza na rejonowe eliminacje do <\/p><\/div>\n\n\n<hr class=\"wp-block-separator has-css-opacity\"\/>\n\n\n<div class=\"wp-block-post-date\"><time datetime=\"2026-04-08T08:06:08+00:00\">8 kwietnia, 2026<\/time><\/div>\n<\/li><li class=\"wp-block-post post-10782 post type-post status-publish format-standard has-post-thumbnail hentry category-main category-ogloszenia\">\n<h2 class=\"wp-block-post-title\"><a href=\"https:\/\/biblioteka-gabin.pl\/index.php\/2026\/04\/01\/informacja-dla-czytelnika-6\/\" target=\"_self\" >Informacja dla Czytelnika<\/a><\/h2>\n\n<figure class=\"alignwide wp-block-post-featured-image\"><a href=\"https:\/\/biblioteka-gabin.pl\/index.php\/2026\/04\/01\/informacja-dla-czytelnika-6\/\" target=\"_self\"  ><img width=\"1200\" height=\"630\" src=\"https:\/\/biblioteka-gabin.pl\/wp-content\/uploads\/2026\/04\/Pracujaca-sobota-w-miesiacu-marcu.png\" class=\"attachment-post-thumbnail size-post-thumbnail wp-post-image\" alt=\"Informacja dla Czytelnika\" style=\"object-fit:cover;\" srcset=\"https:\/\/biblioteka-gabin.pl\/wp-content\/uploads\/2026\/04\/Pracujaca-sobota-w-miesiacu-marcu.png 1200w, https:\/\/biblioteka-gabin.pl\/wp-content\/uploads\/2026\/04\/Pracujaca-sobota-w-miesiacu-marcu-300x158.png 300w, https:\/\/biblioteka-gabin.pl\/wp-content\/uploads\/2026\/04\/Pracujaca-sobota-w-miesiacu-marcu-1024x538.png 1024w, https:\/\/biblioteka-gabin.pl\/wp-content\/uploads\/2026\/04\/Pracujaca-sobota-w-miesiacu-marcu-768x403.png 768w\" sizes=\"auto, (max-width: 1200px) 100vw, 1200px\" loading=\"lazy\" decoding=\"async\" \/><\/a><\/figure>\n\n<div class=\"wp-block-post-excerpt\"><p class=\"wp-block-post-excerpt__excerpt\"> <\/p><\/div>\n\n\n<hr class=\"wp-block-separator has-css-opacity\"\/>\n\n\n<div class=\"wp-block-post-date\"><time datetime=\"2026-04-01T20:07:26+00:00\">1 kwietnia, 2026<\/time><\/div>\n<\/li><li class=\"wp-block-post post-10737 post type-post status-publish format-standard has-post-thumbnail hentry category-main category-ogloszenia\">\n<h2 class=\"wp-block-post-title\"><a href=\"https:\/\/biblioteka-gabin.pl\/index.php\/2026\/03\/31\/informacja-dla-czytelnika-5\/\" target=\"_self\" >Informacja dla Czytelnika!<\/a><\/h2>\n\n<figure class=\"alignwide wp-block-post-featured-image\"><a href=\"https:\/\/biblioteka-gabin.pl\/index.php\/2026\/03\/31\/informacja-dla-czytelnika-5\/\" target=\"_self\"  ><img width=\"1200\" height=\"630\" src=\"https:\/\/biblioteka-gabin.pl\/wp-content\/uploads\/2026\/03\/Zgodnie-z-Zarzadzeniem-Dyrektora-MGBP-w-Gabinie-w-dniu-03.04.2026r.-Wielki-Piatek-Biblioteka-bedzie-NIECZYNNA.png\" class=\"attachment-post-thumbnail size-post-thumbnail wp-post-image\" alt=\"Informacja dla Czytelnika!\" style=\"object-fit:cover;\" srcset=\"https:\/\/biblioteka-gabin.pl\/wp-content\/uploads\/2026\/03\/Zgodnie-z-Zarzadzeniem-Dyrektora-MGBP-w-Gabinie-w-dniu-03.04.2026r.-Wielki-Piatek-Biblioteka-bedzie-NIECZYNNA.png 1200w, https:\/\/biblioteka-gabin.pl\/wp-content\/uploads\/2026\/03\/Zgodnie-z-Zarzadzeniem-Dyrektora-MGBP-w-Gabinie-w-dniu-03.04.2026r.-Wielki-Piatek-Biblioteka-bedzie-NIECZYNNA-300x158.png 300w, https:\/\/biblioteka-gabin.pl\/wp-content\/uploads\/2026\/03\/Zgodnie-z-Zarzadzeniem-Dyrektora-MGBP-w-Gabinie-w-dniu-03.04.2026r.-Wielki-Piatek-Biblioteka-bedzie-NIECZYNNA-1024x538.png 1024w, https:\/\/biblioteka-gabin.pl\/wp-content\/uploads\/2026\/03\/Zgodnie-z-Zarzadzeniem-Dyrektora-MGBP-w-Gabinie-w-dniu-03.04.2026r.-Wielki-Piatek-Biblioteka-bedzie-NIECZYNNA-768x403.png 768w\" sizes=\"auto, (max-width: 1200px) 100vw, 1200px\" loading=\"lazy\" decoding=\"async\" \/><\/a><\/figure>\n\n<div class=\"wp-block-post-excerpt\"><p class=\"wp-block-post-excerpt__excerpt\"> <\/p><\/div>\n\n\n<hr class=\"wp-block-separator has-css-opacity\"\/>\n\n\n<div class=\"wp-block-post-date\"><time datetime=\"2026-03-31T12:59:29+00:00\">31 marca, 2026<\/time><\/div>\n<\/li><li class=\"wp-block-post post-10586 post type-post status-publish format-standard has-post-thumbnail hentry category-ogloszenia\">\n<h2 class=\"wp-block-post-title\"><a href=\"https:\/\/biblioteka-gabin.pl\/index.php\/2026\/03\/12\/informacja-29\/\" target=\"_self\" >Informacja<\/a><\/h2>\n\n<figure class=\"alignwide wp-block-post-featured-image\"><a href=\"https:\/\/biblioteka-gabin.pl\/index.php\/2026\/03\/12\/informacja-29\/\" target=\"_self\"  ><img width=\"1200\" height=\"630\" src=\"https:\/\/biblioteka-gabin.pl\/wp-content\/uploads\/2026\/03\/Pracujaca-sobota-w-miesiacu-marcu2.png\" class=\"attachment-post-thumbnail size-post-thumbnail wp-post-image\" alt=\"Informacja\" style=\"object-fit:cover;\" srcset=\"https:\/\/biblioteka-gabin.pl\/wp-content\/uploads\/2026\/03\/Pracujaca-sobota-w-miesiacu-marcu2.png 1200w, https:\/\/biblioteka-gabin.pl\/wp-content\/uploads\/2026\/03\/Pracujaca-sobota-w-miesiacu-marcu2-300x158.png 300w, https:\/\/biblioteka-gabin.pl\/wp-content\/uploads\/2026\/03\/Pracujaca-sobota-w-miesiacu-marcu2-1024x538.png 1024w, https:\/\/biblioteka-gabin.pl\/wp-content\/uploads\/2026\/03\/Pracujaca-sobota-w-miesiacu-marcu2-768x403.png 768w\" sizes=\"auto, (max-width: 1200px) 100vw, 1200px\" loading=\"lazy\" decoding=\"async\" \/><\/a><\/figure>\n\n<div class=\"wp-block-post-excerpt\"><p class=\"wp-block-post-excerpt__excerpt\"> <\/p><\/div>\n\n\n<hr class=\"wp-block-separator has-css-opacity\"\/>\n\n\n<div class=\"wp-block-post-date\"><time datetime=\"2026-03-12T19:02:17+00:00\">12 marca, 2026<\/time><\/div>\n<\/li><li class=\"wp-block-post post-10583 post type-post status-publish format-standard has-post-thumbnail hentry category-main category-ogloszenia\">\n<h2 class=\"wp-block-post-title\"><a href=\"https:\/\/biblioteka-gabin.pl\/index.php\/2026\/03\/11\/pracujaca-sobota-w-miesiacu-marcu-2\/\" target=\"_self\" >Pracuj\u0105ca sobota w miesi\u0105cu marcu<\/a><\/h2>\n\n<figure class=\"alignwide wp-block-post-featured-image\"><a href=\"https:\/\/biblioteka-gabin.pl\/index.php\/2026\/03\/11\/pracujaca-sobota-w-miesiacu-marcu-2\/\" target=\"_self\"  ><img width=\"1200\" height=\"630\" src=\"https:\/\/biblioteka-gabin.pl\/wp-content\/uploads\/2026\/03\/Pracujaca-sobota-w-miesiacu-marcu1.png\" class=\"attachment-post-thumbnail size-post-thumbnail wp-post-image\" alt=\"Pracuj\u0105ca sobota w miesi\u0105cu marcu\" style=\"object-fit:cover;\" srcset=\"https:\/\/biblioteka-gabin.pl\/wp-content\/uploads\/2026\/03\/Pracujaca-sobota-w-miesiacu-marcu1.png 1200w, https:\/\/biblioteka-gabin.pl\/wp-content\/uploads\/2026\/03\/Pracujaca-sobota-w-miesiacu-marcu1-300x158.png 300w, https:\/\/biblioteka-gabin.pl\/wp-content\/uploads\/2026\/03\/Pracujaca-sobota-w-miesiacu-marcu1-1024x538.png 1024w, https:\/\/biblioteka-gabin.pl\/wp-content\/uploads\/2026\/03\/Pracujaca-sobota-w-miesiacu-marcu1-768x403.png 768w\" sizes=\"auto, (max-width: 1200px) 100vw, 1200px\" loading=\"lazy\" decoding=\"async\" \/><\/a><\/figure>\n\n<div class=\"wp-block-post-excerpt\"><p class=\"wp-block-post-excerpt__excerpt\"> <\/p><\/div>\n\n\n<hr class=\"wp-block-separator has-css-opacity\"\/>\n\n\n<div class=\"wp-block-post-date\"><time datetime=\"2026-03-11T14:51:44+00:00\">11 marca, 2026<\/time><\/div>\n<\/li><li class=\"wp-block-post post-10492 post type-post status-publish format-standard has-post-thumbnail hentry category-main category-ogloszenia\">\n<h2 class=\"wp-block-post-title\"><a href=\"https:\/\/biblioteka-gabin.pl\/index.php\/2026\/03\/03\/pracujaca-sobota-w-miesiacu-marcu\/\" target=\"_self\" >Pracuj\u0105ca sobota w miesi\u0105cu marcu<\/a><\/h2>\n\n<figure class=\"alignwide wp-block-post-featured-image\"><a href=\"https:\/\/biblioteka-gabin.pl\/index.php\/2026\/03\/03\/pracujaca-sobota-w-miesiacu-marcu\/\" target=\"_self\"  ><img width=\"1200\" height=\"630\" src=\"https:\/\/biblioteka-gabin.pl\/wp-content\/uploads\/2026\/03\/PRACUJACE-SOBOTY-W-MIESIACU-MARCU1.png\" class=\"attachment-post-thumbnail size-post-thumbnail wp-post-image\" alt=\"Pracuj\u0105ca sobota w miesi\u0105cu marcu\" style=\"object-fit:cover;\" srcset=\"https:\/\/biblioteka-gabin.pl\/wp-content\/uploads\/2026\/03\/PRACUJACE-SOBOTY-W-MIESIACU-MARCU1.png 1200w, https:\/\/biblioteka-gabin.pl\/wp-content\/uploads\/2026\/03\/PRACUJACE-SOBOTY-W-MIESIACU-MARCU1-300x158.png 300w, https:\/\/biblioteka-gabin.pl\/wp-content\/uploads\/2026\/03\/PRACUJACE-SOBOTY-W-MIESIACU-MARCU1-1024x538.png 1024w, https:\/\/biblioteka-gabin.pl\/wp-content\/uploads\/2026\/03\/PRACUJACE-SOBOTY-W-MIESIACU-MARCU1-768x403.png 768w\" sizes=\"auto, (max-width: 1200px) 100vw, 1200px\" loading=\"lazy\" decoding=\"async\" \/><\/a><\/figure>\n\n<div class=\"wp-block-post-excerpt\"><p class=\"wp-block-post-excerpt__excerpt\"> <\/p><\/div>\n\n\n<hr class=\"wp-block-separator has-css-opacity\"\/>\n\n\n<div class=\"wp-block-post-date\"><time datetime=\"2026-03-03T09:34:44+00:00\">3 marca, 2026<\/time><\/div>\n<\/li><li class=\"wp-block-post post-10455 post type-post status-publish format-standard has-post-thumbnail hentry category-filie category-main category-ogloszenia\">\n<h2 class=\"wp-block-post-title\"><a href=\"https:\/\/biblioteka-gabin.pl\/index.php\/2026\/02\/24\/od-24-do-26-lutego-filia-bedzie-zamknieta\/\" target=\"_self\" >Od 24 do 26 lutego Filia b\u0119dzie zamkni\u0119ta<\/a><\/h2>\n\n<figure class=\"alignwide wp-block-post-featured-image\"><a href=\"https:\/\/biblioteka-gabin.pl\/index.php\/2026\/02\/24\/od-24-do-26-lutego-filia-bedzie-zamknieta\/\" target=\"_self\"  ><img width=\"940\" height=\"788\" src=\"https:\/\/biblioteka-gabin.pl\/wp-content\/uploads\/2026\/02\/Filia-biblioteczna-w-Dobrzykowie-bedzie-otwarta-w-sobote-31-stycznia-2.jpg\" class=\"attachment-post-thumbnail size-post-thumbnail wp-post-image\" alt=\"Od 24 do 26 lutego Filia b\u0119dzie zamkni\u0119ta\" style=\"object-fit:cover;\" srcset=\"https:\/\/biblioteka-gabin.pl\/wp-content\/uploads\/2026\/02\/Filia-biblioteczna-w-Dobrzykowie-bedzie-otwarta-w-sobote-31-stycznia-2.jpg 940w, https:\/\/biblioteka-gabin.pl\/wp-content\/uploads\/2026\/02\/Filia-biblioteczna-w-Dobrzykowie-bedzie-otwarta-w-sobote-31-stycznia-2-300x251.jpg 300w, https:\/\/biblioteka-gabin.pl\/wp-content\/uploads\/2026\/02\/Filia-biblioteczna-w-Dobrzykowie-bedzie-otwarta-w-sobote-31-stycznia-2-768x644.jpg 768w\" sizes=\"auto, (max-width: 940px) 100vw, 940px\" loading=\"lazy\" decoding=\"async\" \/><\/a><\/figure>\n\n<div class=\"wp-block-post-excerpt\"><p class=\"wp-block-post-excerpt__excerpt\"> <\/p><\/div>\n\n\n<hr class=\"wp-block-separator has-css-opacity\"\/>\n\n\n<div class=\"wp-block-post-date\"><time datetime=\"2026-02-24T08:04:41+00:00\">24 lutego, 2026<\/time><\/div>\n<\/li><li class=\"wp-block-post post-10386 post type-post status-publish format-standard has-post-thumbnail hentry category-main category-ogloszenia\">\n<h2 class=\"wp-block-post-title\"><a href=\"https:\/\/biblioteka-gabin.pl\/index.php\/2026\/02\/17\/pracujace-soboty-w-miesiacu-lutym\/\" target=\"_self\" >Pracuj\u0105ce soboty w miesi\u0105cu LUTYM<\/a><\/h2>\n\n<figure class=\"alignwide wp-block-post-featured-image\"><a href=\"https:\/\/biblioteka-gabin.pl\/index.php\/2026\/02\/17\/pracujace-soboty-w-miesiacu-lutym\/\" target=\"_self\"  ><img width=\"1200\" height=\"630\" src=\"https:\/\/biblioteka-gabin.pl\/wp-content\/uploads\/2026\/02\/Pracujace-soboty-w-miesiacu.png\" class=\"attachment-post-thumbnail size-post-thumbnail wp-post-image\" alt=\"Pracuj\u0105ce soboty w miesi\u0105cu LUTYM\" style=\"object-fit:cover;\" srcset=\"https:\/\/biblioteka-gabin.pl\/wp-content\/uploads\/2026\/02\/Pracujace-soboty-w-miesiacu.png 1200w, https:\/\/biblioteka-gabin.pl\/wp-content\/uploads\/2026\/02\/Pracujace-soboty-w-miesiacu-300x158.png 300w, https:\/\/biblioteka-gabin.pl\/wp-content\/uploads\/2026\/02\/Pracujace-soboty-w-miesiacu-1024x538.png 1024w, https:\/\/biblioteka-gabin.pl\/wp-content\/uploads\/2026\/02\/Pracujace-soboty-w-miesiacu-768x403.png 768w\" sizes=\"auto, (max-width: 1200px) 100vw, 1200px\" loading=\"lazy\" decoding=\"async\" \/><\/a><\/figure>\n\n<div class=\"wp-block-post-excerpt\"><p class=\"wp-block-post-excerpt__excerpt\"> <\/p><\/div>\n\n\n<hr class=\"wp-block-separator has-css-opacity\"\/>\n\n\n<div class=\"wp-block-post-date\"><time datetime=\"2026-02-17T10:56:55+00:00\">17 lutego, 2026<\/time><\/div>\n<\/li><li class=\"wp-block-post post-10260 post type-post status-publish format-standard has-post-thumbnail hentry category-ogloszenia\">\n<h2 class=\"wp-block-post-title\"><a href=\"https:\/\/biblioteka-gabin.pl\/index.php\/2026\/02\/05\/informacja-dla-czytelnika-4\/\" target=\"_self\" >Informacja dla Czytelnika<\/a><\/h2>\n\n<figure class=\"alignwide wp-block-post-featured-image\"><a href=\"https:\/\/biblioteka-gabin.pl\/index.php\/2026\/02\/05\/informacja-dla-czytelnika-4\/\" target=\"_self\"  ><img width=\"940\" height=\"788\" src=\"https:\/\/biblioteka-gabin.pl\/wp-content\/uploads\/2026\/02\/informacja-W-dniu-06.02.2026r.-wypozyczalnia-bedzie-nieczynna.png\" class=\"attachment-post-thumbnail size-post-thumbnail wp-post-image\" alt=\"Informacja dla Czytelnika\" style=\"object-fit:cover;\" srcset=\"https:\/\/biblioteka-gabin.pl\/wp-content\/uploads\/2026\/02\/informacja-W-dniu-06.02.2026r.-wypozyczalnia-bedzie-nieczynna.png 940w, https:\/\/biblioteka-gabin.pl\/wp-content\/uploads\/2026\/02\/informacja-W-dniu-06.02.2026r.-wypozyczalnia-bedzie-nieczynna-300x251.png 300w, https:\/\/biblioteka-gabin.pl\/wp-content\/uploads\/2026\/02\/informacja-W-dniu-06.02.2026r.-wypozyczalnia-bedzie-nieczynna-768x644.png 768w\" sizes=\"auto, (max-width: 940px) 100vw, 940px\" loading=\"lazy\" decoding=\"async\" \/><\/a><\/figure>\n\n<div class=\"wp-block-post-excerpt\"><p class=\"wp-block-post-excerpt__excerpt\"> <\/p><\/div>\n\n\n<hr class=\"wp-block-separator has-css-opacity\"\/>\n\n\n<div class=\"wp-block-post-date\"><time datetime=\"2026-02-05T12:42:32+00:00\">5 lutego, 2026<\/time><\/div>\n<\/li><li class=\"wp-block-post post-10205 post type-post status-publish format-standard has-post-thumbnail hentry category-main category-ogloszenia\">\n<h2 class=\"wp-block-post-title\"><a href=\"https:\/\/biblioteka-gabin.pl\/index.php\/2026\/01\/27\/czwartkowe-ferie-w-bibliotece\/\" target=\"_self\" >Czwartkowe &#8222;Ferie w Bibliotece&#8221;<\/a><\/h2>\n\n<figure class=\"alignwide wp-block-post-featured-image\"><a href=\"https:\/\/biblioteka-gabin.pl\/index.php\/2026\/01\/27\/czwartkowe-ferie-w-bibliotece\/\" target=\"_self\"  ><img width=\"940\" height=\"788\" src=\"https:\/\/biblioteka-gabin.pl\/wp-content\/uploads\/2026\/01\/Ferie-w-bibliotece.png\" class=\"attachment-post-thumbnail size-post-thumbnail wp-post-image\" alt=\"Czwartkowe &#8222;Ferie w Bibliotece&#8221;\" style=\"object-fit:cover;\" srcset=\"https:\/\/biblioteka-gabin.pl\/wp-content\/uploads\/2026\/01\/Ferie-w-bibliotece.png 940w, https:\/\/biblioteka-gabin.pl\/wp-content\/uploads\/2026\/01\/Ferie-w-bibliotece-300x251.png 300w, https:\/\/biblioteka-gabin.pl\/wp-content\/uploads\/2026\/01\/Ferie-w-bibliotece-768x644.png 768w\" sizes=\"auto, (max-width: 940px) 100vw, 940px\" loading=\"lazy\" decoding=\"async\" \/><\/a><\/figure>\n\n<div class=\"wp-block-post-excerpt\"><p class=\"wp-block-post-excerpt__excerpt\">Wszystkich ch\u0119tnych w wieku 7-8 lat serdecznie zapraszamy na zaj\u0119cia <\/p><\/div>\n\n\n<hr class=\"wp-block-separator has-css-opacity\"\/>\n\n\n<div class=\"wp-block-post-date\"><time datetime=\"2026-01-27T10:02:01+00:00\">27 stycznia, 2026<\/time><\/div>\n<\/li><\/ul><\/div>\n\n\n\n<div class=\"wp-block-buttons is-layout-flex wp-block-buttons-is-layout-flex\">\n<div class=\"wp-block-button\"><a class=\"wp-block-button__link wp-element-button\" href=\"https:\/\/biblioteka-gabin.pl\/index.php\/category\/ogloszenia\/\">Wi\u0119cej<\/a><\/div>\n<\/div>\n\n\n\n<p><\/p>\n","protected":false},"excerpt":{"rendered":"<p>AKTUALNO\u015aCI:<\/p>\n","protected":false},"author":1,"featured_media":0,"parent":0,"menu_order":0,"comment_status":"closed","ping_status":"closed","template":"","meta":{"footnotes":""},"class_list":["post-1269","page","type-page","status-publish","hentry"],"yoast_head":"<!-- This site is optimized with the Yoast SEO plugin v27.0 - https:\/\/yoast.com\/product\/yoast-seo-wordpress\/ -->\n<title>Og\u0142oszenia - Miejsko-Gminna Biblioteka Publiczna w G\u0105binie<\/title>\n<meta name=\"robots\" content=\"index, follow, max-snippet:-1, max-image-preview:large, max-video-preview:-1\" \/>\n<link rel=\"canonical\" href=\"http:\/\/biblioteka-gabin.pl\/index.php\/ogloszenia\/\" \/>\n<meta property=\"og:locale\" content=\"pl_PL\" \/>\n<meta property=\"og:type\" content=\"article\" \/>\n<meta property=\"og:title\" content=\"Og\u0142oszenia - Miejsko-Gminna Biblioteka Publiczna w G\u0105binie\" \/>\n<meta property=\"og:description\" content=\"AKTUALNO\u015aCI:\" \/>\n<meta property=\"og:url\" content=\"http:\/\/biblioteka-gabin.pl\/index.php\/ogloszenia\/\" \/>\n<meta property=\"og:site_name\" content=\"Miejsko-Gminna Biblioteka Publiczna w G\u0105binie\" \/>\n<meta property=\"article:publisher\" content=\"https:\/\/www.facebook.com\/bibliotekagabin\" \/>\n<meta property=\"article:modified_time\" content=\"2025-10-07T14:20:49+00:00\" \/>\n<meta property=\"og:image\" content=\"https:\/\/biblioteka-gabin.pl\/wp-content\/uploads\/2025\/03\/logo-biblioteka-2-1657013691-1.jpg\" \/>\n\t<meta property=\"og:image:width\" content=\"1600\" \/>\n\t<meta property=\"og:image:height\" content=\"772\" \/>\n\t<meta property=\"og:image:type\" content=\"image\/jpeg\" \/>\n<meta name=\"twitter:card\" content=\"summary_large_image\" \/>\n<meta name=\"twitter:label1\" content=\"Szacowany czas czytania\" \/>\n\t<meta name=\"twitter:data1\" content=\"1 minuta\" \/>\n<script type=\"application\/ld+json\" class=\"yoast-schema-graph\">{\"@context\":\"https:\/\/schema.org\",\"@graph\":[{\"@type\":\"WebPage\",\"@id\":\"http:\/\/biblioteka-gabin.pl\/index.php\/ogloszenia\/\",\"url\":\"http:\/\/biblioteka-gabin.pl\/index.php\/ogloszenia\/\",\"name\":\"Og\u0142oszenia - Miejsko-Gminna Biblioteka Publiczna w G\u0105binie\",\"isPartOf\":{\"@id\":\"http:\/\/biblioteka-gabin.pl\/#website\"},\"datePublished\":\"2025-03-25T11:42:22+00:00\",\"dateModified\":\"2025-10-07T14:20:49+00:00\",\"breadcrumb\":{\"@id\":\"http:\/\/biblioteka-gabin.pl\/index.php\/ogloszenia\/#breadcrumb\"},\"inLanguage\":\"pl-PL\",\"potentialAction\":[{\"@type\":\"ReadAction\",\"target\":[\"http:\/\/biblioteka-gabin.pl\/index.php\/ogloszenia\/\"]}]},{\"@type\":\"BreadcrumbList\",\"@id\":\"http:\/\/biblioteka-gabin.pl\/index.php\/ogloszenia\/#breadcrumb\",\"itemListElement\":[{\"@type\":\"ListItem\",\"position\":1,\"name\":\"Strona g\u0142\u00f3wna\",\"item\":\"http:\/\/biblioteka-gabin.pl\/\"},{\"@type\":\"ListItem\",\"position\":2,\"name\":\"Og\u0142oszenia\"}]},{\"@type\":\"WebSite\",\"@id\":\"http:\/\/biblioteka-gabin.pl\/#website\",\"url\":\"http:\/\/biblioteka-gabin.pl\/\",\"name\":\"Miejsko-Gminna Biblioteka Publiczna w G\u0105binie\",\"description\":\"\",\"publisher\":{\"@id\":\"http:\/\/biblioteka-gabin.pl\/#organization\"},\"potentialAction\":[{\"@type\":\"SearchAction\",\"target\":{\"@type\":\"EntryPoint\",\"urlTemplate\":\"http:\/\/biblioteka-gabin.pl\/?s={search_term_string}\"},\"query-input\":{\"@type\":\"PropertyValueSpecification\",\"valueRequired\":true,\"valueName\":\"search_term_string\"}}],\"inLanguage\":\"pl-PL\"},{\"@type\":\"Organization\",\"@id\":\"http:\/\/biblioteka-gabin.pl\/#organization\",\"name\":\"Miejsko-Gminna Biblioteka Publiczna w G\u0105binie\",\"url\":\"http:\/\/biblioteka-gabin.pl\/\",\"logo\":{\"@type\":\"ImageObject\",\"inLanguage\":\"pl-PL\",\"@id\":\"http:\/\/biblioteka-gabin.pl\/#\/schema\/logo\/image\/\",\"url\":\"https:\/\/biblioteka-gabin.pl\/wp-content\/uploads\/2025\/03\/logo-biblioteka-2-1657013691-1.jpg\",\"contentUrl\":\"https:\/\/biblioteka-gabin.pl\/wp-content\/uploads\/2025\/03\/logo-biblioteka-2-1657013691-1.jpg\",\"width\":1600,\"height\":772,\"caption\":\"Miejsko-Gminna Biblioteka Publiczna w G\u0105binie\"},\"image\":{\"@id\":\"http:\/\/biblioteka-gabin.pl\/#\/schema\/logo\/image\/\"},\"sameAs\":[\"https:\/\/www.facebook.com\/bibliotekagabin\",\"https:\/\/www.youtube.com\/@mgbpgabin9392\"]}]}<\/script>\n<!-- \/ Yoast SEO plugin. -->","yoast_head_json":{"title":"Og\u0142oszenia - Miejsko-Gminna Biblioteka Publiczna w G\u0105binie","robots":{"index":"index","follow":"follow","max-snippet":"max-snippet:-1","max-image-preview":"max-image-preview:large","max-video-preview":"max-video-preview:-1"},"canonical":"http:\/\/biblioteka-gabin.pl\/index.php\/ogloszenia\/","og_locale":"pl_PL","og_type":"article","og_title":"Og\u0142oszenia - Miejsko-Gminna Biblioteka Publiczna w G\u0105binie","og_description":"AKTUALNO\u015aCI:","og_url":"http:\/\/biblioteka-gabin.pl\/index.php\/ogloszenia\/","og_site_name":"Miejsko-Gminna Biblioteka Publiczna w G\u0105binie","article_publisher":"https:\/\/www.facebook.com\/bibliotekagabin","article_modified_time":"2025-10-07T14:20:49+00:00","og_image":[{"width":1600,"height":772,"url":"https:\/\/biblioteka-gabin.pl\/wp-content\/uploads\/2025\/03\/logo-biblioteka-2-1657013691-1.jpg","type":"image\/jpeg"}],"twitter_card":"summary_large_image","twitter_misc":{"Szacowany czas czytania":"1 minuta"},"schema":{"@context":"https:\/\/schema.org","@graph":[{"@type":"WebPage","@id":"http:\/\/biblioteka-gabin.pl\/index.php\/ogloszenia\/","url":"http:\/\/biblioteka-gabin.pl\/index.php\/ogloszenia\/","name":"Og\u0142oszenia - Miejsko-Gminna Biblioteka Publiczna w G\u0105binie","isPartOf":{"@id":"http:\/\/biblioteka-gabin.pl\/#website"},"datePublished":"2025-03-25T11:42:22+00:00","dateModified":"2025-10-07T14:20:49+00:00","breadcrumb":{"@id":"http:\/\/biblioteka-gabin.pl\/index.php\/ogloszenia\/#breadcrumb"},"inLanguage":"pl-PL","potentialAction":[{"@type":"ReadAction","target":["http:\/\/biblioteka-gabin.pl\/index.php\/ogloszenia\/"]}]},{"@type":"BreadcrumbList","@id":"http:\/\/biblioteka-gabin.pl\/index.php\/ogloszenia\/#breadcrumb","itemListElement":[{"@type":"ListItem","position":1,"name":"Strona g\u0142\u00f3wna","item":"http:\/\/biblioteka-gabin.pl\/"},{"@type":"ListItem","position":2,"name":"Og\u0142oszenia"}]},{"@type":"WebSite","@id":"http:\/\/biblioteka-gabin.pl\/#website","url":"http:\/\/biblioteka-gabin.pl\/","name":"Miejsko-Gminna Biblioteka Publiczna w G\u0105binie","description":"","publisher":{"@id":"http:\/\/biblioteka-gabin.pl\/#organization"},"potentialAction":[{"@type":"SearchAction","target":{"@type":"EntryPoint","urlTemplate":"http:\/\/biblioteka-gabin.pl\/?s={search_term_string}"},"query-input":{"@type":"PropertyValueSpecification","valueRequired":true,"valueName":"search_term_string"}}],"inLanguage":"pl-PL"},{"@type":"Organization","@id":"http:\/\/biblioteka-gabin.pl\/#organization","name":"Miejsko-Gminna Biblioteka Publiczna w G\u0105binie","url":"http:\/\/biblioteka-gabin.pl\/","logo":{"@type":"ImageObject","inLanguage":"pl-PL","@id":"http:\/\/biblioteka-gabin.pl\/#\/schema\/logo\/image\/","url":"https:\/\/biblioteka-gabin.pl\/wp-content\/uploads\/2025\/03\/logo-biblioteka-2-1657013691-1.jpg","contentUrl":"https:\/\/biblioteka-gabin.pl\/wp-content\/uploads\/2025\/03\/logo-biblioteka-2-1657013691-1.jpg","width":1600,"height":772,"caption":"Miejsko-Gminna Biblioteka Publiczna w G\u0105binie"},"image":{"@id":"http:\/\/biblioteka-gabin.pl\/#\/schema\/logo\/image\/"},"sameAs":["https:\/\/www.facebook.com\/bibliotekagabin","https:\/\/www.youtube.com\/@mgbpgabin9392"]}]}},"_links":{"self":[{"href":"https:\/\/biblioteka-gabin.pl\/index.php\/wp-json\/wp\/v2\/pages\/1269","targetHints":{"allow":["GET"]}}],"collection":[{"href":"https:\/\/biblioteka-gabin.pl\/index.php\/wp-json\/wp\/v2\/pages"}],"about":[{"href":"https:\/\/biblioteka-gabin.pl\/index.php\/wp-json\/wp\/v2\/types\/page"}],"author":[{"embeddable":true,"href":"https:\/\/biblioteka-gabin.pl\/index.php\/wp-json\/wp\/v2\/users\/1"}],"replies":[{"embeddable":true,"href":"https:\/\/biblioteka-gabin.pl\/index.php\/wp-json\/wp\/v2\/comments?post=1269"}],"version-history":[{"count":4,"href":"https:\/\/biblioteka-gabin.pl\/index.php\/wp-json\/wp\/v2\/pages\/1269\/revisions"}],"predecessor-version":[{"id":1584,"href":"https:\/\/biblioteka-gabin.pl\/index.php\/wp-json\/wp\/v2\/pages\/1269\/revisions\/1584"}],"wp:attachment":[{"href":"https:\/\/biblioteka-gabin.pl\/index.php\/wp-json\/wp\/v2\/media?parent=1269"}],"curies":[{"name":"wp","href":"https:\/\/api.w.org\/{rel}","templated":true}]}}