{"id":1272,"date":"2025-03-25T11:42:53","date_gmt":"2025-03-25T11:42:53","guid":{"rendered":"https:\/\/strona.biblioteka-gabin.pl\/?page_id=1272"},"modified":"2025-10-07T14:21:25","modified_gmt":"2025-10-07T14:21:25","slug":"o-instytucji","status":"publish","type":"page","link":"https:\/\/biblioteka-gabin.pl\/index.php\/o-instytucji\/","title":{"rendered":"O instytucji"},"content":{"rendered":"\n<h2 class=\"wp-block-heading\">Jak zapisa\u0107 si\u0119 do biblioteki<\/h2>\n\n\n\n<p>Aby zosta\u0107 czytelnikiem Miejsko-Gminnej Biblioteki Publicznej w G\u0105binie wystarczy przyj\u015b\u0107 do Naszej siedziby przy ul. Ko\u015bciuszki 1. Trzeba mie\u0107 aktualny dow\u00f3d to\u017csamo\u015bci ze zdj\u0119ciem, a osoba niepe\u0142noletnia powinna przyj\u015b\u0107 z opiekunem faktycznym. Po wype\u0142nieniu zobowi\u0105zania czytelnikowi zostaje nadany numer i mo\u017ce on wypo\u017cyczy\u0107 ksi\u0105\u017cki.&nbsp;Zapis jest bezp\u0142atny.<\/p>\n\n\n\n<p>Czytelnik ma prawo do korzystania ze wszystkich zbior\u00f3w, jednak\u017ce niekt\u00f3re tylko i wy\u0142\u0105cznie &#8222;na miejscu&#8221; w czytelni. Jest przy tym zobowi\u0105zany do przestrzegania&nbsp;Regulaminu MGBP w Gabinie.<\/p>\n\n\n\n<hr class=\"wp-block-separator has-alpha-channel-opacity\"\/>\n\n\n\n<h2 class=\"wp-block-heading has-text-align-center\" style=\"font-style:normal;font-weight:100\">AKTUALNO\u015aCI:<\/h2>\n\n\n\n<div class=\"wp-block-query is-layout-flow wp-block-query-is-layout-flow\"><ul class=\"wp-block-post-template is-layout-flow wp-block-post-template-is-layout-flow\"><li class=\"wp-block-post post-7717 post type-post status-publish format-standard hentry category-oinstytucji\">\n<h2 class=\"wp-block-post-title\"><a href=\"https:\/\/biblioteka-gabin.pl\/index.php\/2023\/02\/25\/serdecznie-zapraszamy-do-naszej-biblioteki\/\" target=\"_self\" >Serdecznie zapraszamy do naszej biblioteki!<\/a><\/h2>\n\n\n\n<div class=\"wp-block-post-excerpt\"><p class=\"wp-block-post-excerpt__excerpt\"> <\/p><\/div>\n\n\n<hr class=\"wp-block-separator has-css-opacity\"\/>\n\n\n<div class=\"wp-block-post-date\"><time datetime=\"2023-02-25T00:00:00+00:00\">25 lutego, 2023<\/time><\/div>\n<\/li><li class=\"wp-block-post post-7718 post type-post status-publish format-standard hentry category-oinstytucji\">\n<h2 class=\"wp-block-post-title\"><a href=\"https:\/\/biblioteka-gabin.pl\/index.php\/2022\/12\/20\/zakonczylismy-realizacje-projektu-narodowy-program-rozwoju-czytelnictwa-2-0na-lata-2021-2023\/\" target=\"_self\" >Zako\u0144czyli\u015bmy realizacj\u0119 projektu ,,Narodowy Program Rozwoju Czytelnictwa 2.0&#8243;na lata 2021-2023<\/a><\/h2>\n\n\n\n<div class=\"wp-block-post-excerpt\"><p class=\"wp-block-post-excerpt__excerpt\"> <\/p><\/div>\n\n\n<hr class=\"wp-block-separator has-css-opacity\"\/>\n\n\n<div class=\"wp-block-post-date\"><time datetime=\"2022-12-20T00:00:00+00:00\">20 grudnia, 2022<\/time><\/div>\n<\/li><li class=\"wp-block-post post-7714 post type-post status-publish format-standard hentry category-oinstytucji\">\n<h2 class=\"wp-block-post-title\"><a href=\"https:\/\/biblioteka-gabin.pl\/index.php\/2022\/12\/12\/projekt-kraszewski-komputery-dla-bibliotek-w-mgbp-w-gabinie\/\" target=\"_self\" >Projekt ,,Kraszewski. Komputery dla bibliotek&#8221; w MGBP w G\u0105binie<\/a><\/h2>\n\n\n\n<div class=\"wp-block-post-excerpt\"><p class=\"wp-block-post-excerpt__excerpt\"> <\/p><\/div>\n\n\n<hr class=\"wp-block-separator has-css-opacity\"\/>\n\n\n<div class=\"wp-block-post-date\"><time datetime=\"2022-12-12T00:00:00+00:00\">12 grudnia, 2022<\/time><\/div>\n<\/li><li class=\"wp-block-post post-7713 post type-post status-publish format-standard hentry category-oinstytucji\">\n<h2 class=\"wp-block-post-title\"><a href=\"https:\/\/biblioteka-gabin.pl\/index.php\/2022\/11\/24\/program-kraszewski-komputery-dla-bibliotek-w-mgbp-w-gabinie\/\" target=\"_self\" >Program ,,Kraszewski. Komputery dla bibliotek&#8221; w MGBP w G\u0105binie<\/a><\/h2>\n\n\n\n<div class=\"wp-block-post-excerpt\"><p class=\"wp-block-post-excerpt__excerpt\">Jeste\u015bmy w trakcie realizacji projektu ,,Kraszewski. Komputery dla bibliotek&#8221; w <\/p><\/div>\n\n\n<hr class=\"wp-block-separator has-css-opacity\"\/>\n\n\n<div class=\"wp-block-post-date\"><time datetime=\"2022-11-24T00:00:00+00:00\">24 listopada, 2022<\/time><\/div>\n<\/li><li class=\"wp-block-post post-7715 post type-post status-publish format-standard hentry category-oinstytucji\">\n<h2 class=\"wp-block-post-title\"><a href=\"https:\/\/biblioteka-gabin.pl\/index.php\/2022\/11\/24\/projekt-mala-ksiazka-wielki-czlowiek-w-mgbp-w-gabinie\/\" target=\"_self\" >Projekt Ma\u0142a ksi\u0105\u017cka-wielki cz\u0142owiek w MGBP w G\u0105binie<\/a><\/h2>\n\n\n\n<div class=\"wp-block-post-excerpt\"><p class=\"wp-block-post-excerpt__excerpt\">Miejsko-Gminna Biblioteka Publiczna w G\u0105binie bierze udzia\u0142 w projekcie Ma\u0142a <\/p><\/div>\n\n\n<hr class=\"wp-block-separator has-css-opacity\"\/>\n\n\n<div class=\"wp-block-post-date\"><time datetime=\"2022-11-24T00:00:00+00:00\">24 listopada, 2022<\/time><\/div>\n<\/li><li class=\"wp-block-post post-7716 post type-post status-publish format-standard hentry category-oinstytucji\">\n<h2 class=\"wp-block-post-title\"><a href=\"https:\/\/biblioteka-gabin.pl\/index.php\/2022\/11\/24\/projekt-narodowy-program-rozwoju-czytelnictwa-2-0-w-mgbp-w-gabinie\/\" target=\"_self\" >Projekt Narodowy Program Rozwoju Czytelnictwa 2.0 w MGBP w G\u0105binie<\/a><\/h2>\n\n\n\n<div class=\"wp-block-post-excerpt\"><p class=\"wp-block-post-excerpt__excerpt\">Rozpocz\u0119li\u015bmy realizacj\u0119 projektu Narodowy Program Rozwoju Czytelnictwa 2.0 Miejsko-Gminnej Bibliotece <\/p><\/div>\n\n\n<hr class=\"wp-block-separator has-css-opacity\"\/>\n\n\n<div class=\"wp-block-post-date\"><time datetime=\"2022-11-24T00:00:00+00:00\">24 listopada, 2022<\/time><\/div>\n<\/li><\/ul><\/div>\n\n\n\n<div class=\"wp-block-buttons is-layout-flex wp-block-buttons-is-layout-flex\">\n<div class=\"wp-block-button\"><a class=\"wp-block-button__link wp-element-button\" href=\"https:\/\/biblioteka-gabin.pl\/index.php\/category\/oinstytucji\/\">Wi\u0119cej<\/a><\/div>\n<\/div>\n","protected":false},"excerpt":{"rendered":"<p>Jak zapisa\u0107 si\u0119 do biblioteki Aby zosta\u0107 czytelnikiem Miejsko-Gminnej Biblioteki<\/p>\n","protected":false},"author":1,"featured_media":0,"parent":0,"menu_order":0,"comment_status":"closed","ping_status":"closed","template":"","meta":{"footnotes":""},"class_list":["post-1272","page","type-page","status-publish","hentry"],"yoast_head":"<!-- This site is optimized with the Yoast SEO plugin v27.0 - https:\/\/yoast.com\/product\/yoast-seo-wordpress\/ -->\n<title>O instytucji - Miejsko-Gminna Biblioteka Publiczna w G\u0105binie<\/title>\n<meta name=\"robots\" content=\"index, follow, max-snippet:-1, max-image-preview:large, max-video-preview:-1\" \/>\n<link rel=\"canonical\" href=\"https:\/\/biblioteka-gabin.pl\/index.php\/o-instytucji\/\" \/>\n<meta property=\"og:locale\" content=\"pl_PL\" \/>\n<meta property=\"og:type\" content=\"article\" \/>\n<meta property=\"og:title\" content=\"O instytucji - Miejsko-Gminna Biblioteka Publiczna w G\u0105binie\" \/>\n<meta property=\"og:description\" content=\"Jak zapisa\u0107 si\u0119 do biblioteki Aby zosta\u0107 czytelnikiem Miejsko-Gminnej Biblioteki\" \/>\n<meta property=\"og:url\" content=\"https:\/\/biblioteka-gabin.pl\/index.php\/o-instytucji\/\" \/>\n<meta property=\"og:site_name\" content=\"Miejsko-Gminna Biblioteka Publiczna w G\u0105binie\" \/>\n<meta property=\"article:publisher\" content=\"https:\/\/www.facebook.com\/bibliotekagabin\" \/>\n<meta property=\"article:modified_time\" content=\"2025-10-07T14:21:25+00:00\" \/>\n<meta property=\"og:image\" content=\"https:\/\/biblioteka-gabin.pl\/wp-content\/uploads\/2025\/03\/logo-biblioteka-2-1657013691-1.jpg\" \/>\n\t<meta property=\"og:image:width\" content=\"1600\" \/>\n\t<meta property=\"og:image:height\" content=\"772\" \/>\n\t<meta property=\"og:image:type\" content=\"image\/jpeg\" \/>\n<meta name=\"twitter:card\" content=\"summary_large_image\" \/>\n<meta name=\"twitter:label1\" content=\"Szacowany czas czytania\" \/>\n\t<meta name=\"twitter:data1\" content=\"1 minuta\" \/>\n<script type=\"application\/ld+json\" class=\"yoast-schema-graph\">{\"@context\":\"https:\/\/schema.org\",\"@graph\":[{\"@type\":\"WebPage\",\"@id\":\"https:\/\/biblioteka-gabin.pl\/index.php\/o-instytucji\/\",\"url\":\"https:\/\/biblioteka-gabin.pl\/index.php\/o-instytucji\/\",\"name\":\"O instytucji - Miejsko-Gminna Biblioteka Publiczna w G\u0105binie\",\"isPartOf\":{\"@id\":\"http:\/\/biblioteka-gabin.pl\/#website\"},\"datePublished\":\"2025-03-25T11:42:53+00:00\",\"dateModified\":\"2025-10-07T14:21:25+00:00\",\"breadcrumb\":{\"@id\":\"https:\/\/biblioteka-gabin.pl\/index.php\/o-instytucji\/#breadcrumb\"},\"inLanguage\":\"pl-PL\",\"potentialAction\":[{\"@type\":\"ReadAction\",\"target\":[\"https:\/\/biblioteka-gabin.pl\/index.php\/o-instytucji\/\"]}]},{\"@type\":\"BreadcrumbList\",\"@id\":\"https:\/\/biblioteka-gabin.pl\/index.php\/o-instytucji\/#breadcrumb\",\"itemListElement\":[{\"@type\":\"ListItem\",\"position\":1,\"name\":\"Strona g\u0142\u00f3wna\",\"item\":\"http:\/\/biblioteka-gabin.pl\/\"},{\"@type\":\"ListItem\",\"position\":2,\"name\":\"O instytucji\"}]},{\"@type\":\"WebSite\",\"@id\":\"http:\/\/biblioteka-gabin.pl\/#website\",\"url\":\"http:\/\/biblioteka-gabin.pl\/\",\"name\":\"Miejsko-Gminna Biblioteka Publiczna w G\u0105binie\",\"description\":\"\",\"publisher\":{\"@id\":\"http:\/\/biblioteka-gabin.pl\/#organization\"},\"potentialAction\":[{\"@type\":\"SearchAction\",\"target\":{\"@type\":\"EntryPoint\",\"urlTemplate\":\"http:\/\/biblioteka-gabin.pl\/?s={search_term_string}\"},\"query-input\":{\"@type\":\"PropertyValueSpecification\",\"valueRequired\":true,\"valueName\":\"search_term_string\"}}],\"inLanguage\":\"pl-PL\"},{\"@type\":\"Organization\",\"@id\":\"http:\/\/biblioteka-gabin.pl\/#organization\",\"name\":\"Miejsko-Gminna Biblioteka Publiczna w G\u0105binie\",\"url\":\"http:\/\/biblioteka-gabin.pl\/\",\"logo\":{\"@type\":\"ImageObject\",\"inLanguage\":\"pl-PL\",\"@id\":\"http:\/\/biblioteka-gabin.pl\/#\/schema\/logo\/image\/\",\"url\":\"https:\/\/biblioteka-gabin.pl\/wp-content\/uploads\/2025\/03\/logo-biblioteka-2-1657013691-1.jpg\",\"contentUrl\":\"https:\/\/biblioteka-gabin.pl\/wp-content\/uploads\/2025\/03\/logo-biblioteka-2-1657013691-1.jpg\",\"width\":1600,\"height\":772,\"caption\":\"Miejsko-Gminna Biblioteka Publiczna w G\u0105binie\"},\"image\":{\"@id\":\"http:\/\/biblioteka-gabin.pl\/#\/schema\/logo\/image\/\"},\"sameAs\":[\"https:\/\/www.facebook.com\/bibliotekagabin\",\"https:\/\/www.youtube.com\/@mgbpgabin9392\"]}]}<\/script>\n<!-- \/ Yoast SEO plugin. -->","yoast_head_json":{"title":"O instytucji - Miejsko-Gminna Biblioteka Publiczna w G\u0105binie","robots":{"index":"index","follow":"follow","max-snippet":"max-snippet:-1","max-image-preview":"max-image-preview:large","max-video-preview":"max-video-preview:-1"},"canonical":"https:\/\/biblioteka-gabin.pl\/index.php\/o-instytucji\/","og_locale":"pl_PL","og_type":"article","og_title":"O instytucji - Miejsko-Gminna Biblioteka Publiczna w G\u0105binie","og_description":"Jak zapisa\u0107 si\u0119 do biblioteki Aby zosta\u0107 czytelnikiem Miejsko-Gminnej Biblioteki","og_url":"https:\/\/biblioteka-gabin.pl\/index.php\/o-instytucji\/","og_site_name":"Miejsko-Gminna Biblioteka Publiczna w G\u0105binie","article_publisher":"https:\/\/www.facebook.com\/bibliotekagabin","article_modified_time":"2025-10-07T14:21:25+00:00","og_image":[{"width":1600,"height":772,"url":"https:\/\/biblioteka-gabin.pl\/wp-content\/uploads\/2025\/03\/logo-biblioteka-2-1657013691-1.jpg","type":"image\/jpeg"}],"twitter_card":"summary_large_image","twitter_misc":{"Szacowany czas czytania":"1 minuta"},"schema":{"@context":"https:\/\/schema.org","@graph":[{"@type":"WebPage","@id":"https:\/\/biblioteka-gabin.pl\/index.php\/o-instytucji\/","url":"https:\/\/biblioteka-gabin.pl\/index.php\/o-instytucji\/","name":"O instytucji - Miejsko-Gminna Biblioteka Publiczna w G\u0105binie","isPartOf":{"@id":"http:\/\/biblioteka-gabin.pl\/#website"},"datePublished":"2025-03-25T11:42:53+00:00","dateModified":"2025-10-07T14:21:25+00:00","breadcrumb":{"@id":"https:\/\/biblioteka-gabin.pl\/index.php\/o-instytucji\/#breadcrumb"},"inLanguage":"pl-PL","potentialAction":[{"@type":"ReadAction","target":["https:\/\/biblioteka-gabin.pl\/index.php\/o-instytucji\/"]}]},{"@type":"BreadcrumbList","@id":"https:\/\/biblioteka-gabin.pl\/index.php\/o-instytucji\/#breadcrumb","itemListElement":[{"@type":"ListItem","position":1,"name":"Strona g\u0142\u00f3wna","item":"http:\/\/biblioteka-gabin.pl\/"},{"@type":"ListItem","position":2,"name":"O instytucji"}]},{"@type":"WebSite","@id":"http:\/\/biblioteka-gabin.pl\/#website","url":"http:\/\/biblioteka-gabin.pl\/","name":"Miejsko-Gminna Biblioteka Publiczna w G\u0105binie","description":"","publisher":{"@id":"http:\/\/biblioteka-gabin.pl\/#organization"},"potentialAction":[{"@type":"SearchAction","target":{"@type":"EntryPoint","urlTemplate":"http:\/\/biblioteka-gabin.pl\/?s={search_term_string}"},"query-input":{"@type":"PropertyValueSpecification","valueRequired":true,"valueName":"search_term_string"}}],"inLanguage":"pl-PL"},{"@type":"Organization","@id":"http:\/\/biblioteka-gabin.pl\/#organization","name":"Miejsko-Gminna Biblioteka Publiczna w G\u0105binie","url":"http:\/\/biblioteka-gabin.pl\/","logo":{"@type":"ImageObject","inLanguage":"pl-PL","@id":"http:\/\/biblioteka-gabin.pl\/#\/schema\/logo\/image\/","url":"https:\/\/biblioteka-gabin.pl\/wp-content\/uploads\/2025\/03\/logo-biblioteka-2-1657013691-1.jpg","contentUrl":"https:\/\/biblioteka-gabin.pl\/wp-content\/uploads\/2025\/03\/logo-biblioteka-2-1657013691-1.jpg","width":1600,"height":772,"caption":"Miejsko-Gminna Biblioteka Publiczna w G\u0105binie"},"image":{"@id":"http:\/\/biblioteka-gabin.pl\/#\/schema\/logo\/image\/"},"sameAs":["https:\/\/www.facebook.com\/bibliotekagabin","https:\/\/www.youtube.com\/@mgbpgabin9392"]}]}},"_links":{"self":[{"href":"https:\/\/biblioteka-gabin.pl\/index.php\/wp-json\/wp\/v2\/pages\/1272","targetHints":{"allow":["GET"]}}],"collection":[{"href":"https:\/\/biblioteka-gabin.pl\/index.php\/wp-json\/wp\/v2\/pages"}],"about":[{"href":"https:\/\/biblioteka-gabin.pl\/index.php\/wp-json\/wp\/v2\/types\/page"}],"author":[{"embeddable":true,"href":"https:\/\/biblioteka-gabin.pl\/index.php\/wp-json\/wp\/v2\/users\/1"}],"replies":[{"embeddable":true,"href":"https:\/\/biblioteka-gabin.pl\/index.php\/wp-json\/wp\/v2\/comments?post=1272"}],"version-history":[{"count":4,"href":"https:\/\/biblioteka-gabin.pl\/index.php\/wp-json\/wp\/v2\/pages\/1272\/revisions"}],"predecessor-version":[{"id":1585,"href":"https:\/\/biblioteka-gabin.pl\/index.php\/wp-json\/wp\/v2\/pages\/1272\/revisions\/1585"}],"wp:attachment":[{"href":"https:\/\/biblioteka-gabin.pl\/index.php\/wp-json\/wp\/v2\/media?parent=1272"}],"curies":[{"name":"wp","href":"https:\/\/api.w.org\/{rel}","templated":true}]}}