{"id":1281,"date":"2025-03-25T11:44:36","date_gmt":"2025-03-25T11:44:36","guid":{"rendered":"https:\/\/strona.biblioteka-gabin.pl\/?page_id=1281"},"modified":"2025-09-02T13:22:03","modified_gmt":"2025-09-02T13:22:03","slug":"uslugi","status":"publish","type":"page","link":"https:\/\/biblioteka-gabin.pl\/index.php\/uslugi\/","title":{"rendered":"Us\u0142ugi"},"content":{"rendered":"\n<figure class=\"wp-block-image size-full is-resized\"><img loading=\"lazy\" decoding=\"async\" width=\"390\" height=\"350\" src=\"https:\/\/strona.biblioteka-gabin.pl\/wp-content\/uploads\/2025\/05\/komputer-1441108670.jpg\" alt=\"\" class=\"wp-image-1354\" style=\"width:217px;height:auto\" srcset=\"https:\/\/biblioteka-gabin.pl\/wp-content\/uploads\/2025\/05\/komputer-1441108670.jpg 390w, https:\/\/biblioteka-gabin.pl\/wp-content\/uploads\/2025\/05\/komputer-1441108670-300x269.jpg 300w\" sizes=\"auto, (max-width: 390px) 100vw, 390px\" \/><\/figure>\n\n\n\n<p><strong>Bezp\u0142atne korzystanie z Internetu:&nbsp;<\/strong>Dla czytelnik\u00f3w i wszystkich odwiedzaj\u0105cych Bibliotek\u0119 dost\u0119pne s\u0105 dwa stanowiska, przy kt\u00f3rych bezp\u0142atnie mo\u017cna korzysta\u0107 z Internetu.<\/p>\n\n\n\n<figure class=\"wp-block-image size-full is-resized\"><img loading=\"lazy\" decoding=\"async\" width=\"154\" height=\"200\" src=\"https:\/\/strona.biblioteka-gabin.pl\/wp-content\/uploads\/2025\/05\/czytanie-1441108739.gif\" alt=\"\" class=\"wp-image-1355\" style=\"width:211px;height:auto\"\/><\/figure>\n\n\n\n<p><strong>Bezp\u0142atna czytelnia w Bibliotece:&nbsp;<\/strong>W zasobach Biblioteki znajduj\u0105 si\u0119 egzemplarze, z kt\u00f3rych mo\u017cna skorzysta\u0107 wy\u0142\u0105cznie na miejscu. Dla komfortu i spokoju czytelnika przygotowane s\u0105 dedykowane temu stanowiska.<\/p>\n","protected":false},"excerpt":{"rendered":"<p>Bezp\u0142atne korzystanie z Internetu:&nbsp;Dla czytelnik\u00f3w i wszystkich odwiedzaj\u0105cych Bibliotek\u0119 dost\u0119pne<\/p>\n","protected":false},"author":1,"featured_media":0,"parent":0,"menu_order":0,"comment_status":"closed","ping_status":"closed","template":"","meta":{"footnotes":""},"class_list":["post-1281","page","type-page","status-publish","hentry"],"yoast_head":"<!-- This site is optimized with the Yoast SEO plugin v27.0 - https:\/\/yoast.com\/product\/yoast-seo-wordpress\/ -->\n<title>Us\u0142ugi - Miejsko-Gminna Biblioteka Publiczna w G\u0105binie<\/title>\n<meta name=\"robots\" content=\"index, follow, max-snippet:-1, max-image-preview:large, max-video-preview:-1\" \/>\n<link rel=\"canonical\" href=\"https:\/\/biblioteka-gabin.pl\/index.php\/uslugi\/\" \/>\n<meta property=\"og:locale\" content=\"pl_PL\" \/>\n<meta property=\"og:type\" content=\"article\" \/>\n<meta property=\"og:title\" content=\"Us\u0142ugi - Miejsko-Gminna Biblioteka Publiczna w G\u0105binie\" \/>\n<meta property=\"og:description\" content=\"Bezp\u0142atne korzystanie z Internetu:&nbsp;Dla czytelnik\u00f3w i wszystkich odwiedzaj\u0105cych Bibliotek\u0119 dost\u0119pne\" \/>\n<meta property=\"og:url\" content=\"https:\/\/biblioteka-gabin.pl\/index.php\/uslugi\/\" \/>\n<meta property=\"og:site_name\" content=\"Miejsko-Gminna Biblioteka Publiczna w G\u0105binie\" \/>\n<meta property=\"article:publisher\" content=\"https:\/\/www.facebook.com\/bibliotekagabin\" \/>\n<meta property=\"article:modified_time\" content=\"2025-09-02T13:22:03+00:00\" \/>\n<meta property=\"og:image\" content=\"https:\/\/strona.biblioteka-gabin.pl\/wp-content\/uploads\/2025\/05\/komputer-1441108670.jpg\" \/>\n<meta name=\"twitter:card\" content=\"summary_large_image\" \/>\n<script type=\"application\/ld+json\" class=\"yoast-schema-graph\">{\"@context\":\"https:\/\/schema.org\",\"@graph\":[{\"@type\":\"WebPage\",\"@id\":\"https:\/\/biblioteka-gabin.pl\/index.php\/uslugi\/\",\"url\":\"https:\/\/biblioteka-gabin.pl\/index.php\/uslugi\/\",\"name\":\"Us\u0142ugi - Miejsko-Gminna Biblioteka Publiczna w G\u0105binie\",\"isPartOf\":{\"@id\":\"http:\/\/biblioteka-gabin.pl\/#website\"},\"primaryImageOfPage\":{\"@id\":\"https:\/\/biblioteka-gabin.pl\/index.php\/uslugi\/#primaryimage\"},\"image\":{\"@id\":\"https:\/\/biblioteka-gabin.pl\/index.php\/uslugi\/#primaryimage\"},\"thumbnailUrl\":\"https:\/\/strona.biblioteka-gabin.pl\/wp-content\/uploads\/2025\/05\/komputer-1441108670.jpg\",\"datePublished\":\"2025-03-25T11:44:36+00:00\",\"dateModified\":\"2025-09-02T13:22:03+00:00\",\"breadcrumb\":{\"@id\":\"https:\/\/biblioteka-gabin.pl\/index.php\/uslugi\/#breadcrumb\"},\"inLanguage\":\"pl-PL\",\"potentialAction\":[{\"@type\":\"ReadAction\",\"target\":[\"https:\/\/biblioteka-gabin.pl\/index.php\/uslugi\/\"]}]},{\"@type\":\"ImageObject\",\"inLanguage\":\"pl-PL\",\"@id\":\"https:\/\/biblioteka-gabin.pl\/index.php\/uslugi\/#primaryimage\",\"url\":\"https:\/\/strona.biblioteka-gabin.pl\/wp-content\/uploads\/2025\/05\/komputer-1441108670.jpg\",\"contentUrl\":\"https:\/\/strona.biblioteka-gabin.pl\/wp-content\/uploads\/2025\/05\/komputer-1441108670.jpg\"},{\"@type\":\"BreadcrumbList\",\"@id\":\"https:\/\/biblioteka-gabin.pl\/index.php\/uslugi\/#breadcrumb\",\"itemListElement\":[{\"@type\":\"ListItem\",\"position\":1,\"name\":\"Strona g\u0142\u00f3wna\",\"item\":\"http:\/\/biblioteka-gabin.pl\/\"},{\"@type\":\"ListItem\",\"position\":2,\"name\":\"Us\u0142ugi\"}]},{\"@type\":\"WebSite\",\"@id\":\"http:\/\/biblioteka-gabin.pl\/#website\",\"url\":\"http:\/\/biblioteka-gabin.pl\/\",\"name\":\"Miejsko-Gminna Biblioteka Publiczna w G\u0105binie\",\"description\":\"\",\"publisher\":{\"@id\":\"http:\/\/biblioteka-gabin.pl\/#organization\"},\"potentialAction\":[{\"@type\":\"SearchAction\",\"target\":{\"@type\":\"EntryPoint\",\"urlTemplate\":\"http:\/\/biblioteka-gabin.pl\/?s={search_term_string}\"},\"query-input\":{\"@type\":\"PropertyValueSpecification\",\"valueRequired\":true,\"valueName\":\"search_term_string\"}}],\"inLanguage\":\"pl-PL\"},{\"@type\":\"Organization\",\"@id\":\"http:\/\/biblioteka-gabin.pl\/#organization\",\"name\":\"Miejsko-Gminna Biblioteka Publiczna w G\u0105binie\",\"url\":\"http:\/\/biblioteka-gabin.pl\/\",\"logo\":{\"@type\":\"ImageObject\",\"inLanguage\":\"pl-PL\",\"@id\":\"http:\/\/biblioteka-gabin.pl\/#\/schema\/logo\/image\/\",\"url\":\"https:\/\/biblioteka-gabin.pl\/wp-content\/uploads\/2025\/03\/logo-biblioteka-2-1657013691-1.jpg\",\"contentUrl\":\"https:\/\/biblioteka-gabin.pl\/wp-content\/uploads\/2025\/03\/logo-biblioteka-2-1657013691-1.jpg\",\"width\":1600,\"height\":772,\"caption\":\"Miejsko-Gminna Biblioteka Publiczna w G\u0105binie\"},\"image\":{\"@id\":\"http:\/\/biblioteka-gabin.pl\/#\/schema\/logo\/image\/\"},\"sameAs\":[\"https:\/\/www.facebook.com\/bibliotekagabin\",\"https:\/\/www.youtube.com\/@mgbpgabin9392\"]}]}<\/script>\n<!-- \/ Yoast SEO plugin. -->","yoast_head_json":{"title":"Us\u0142ugi - Miejsko-Gminna Biblioteka Publiczna w G\u0105binie","robots":{"index":"index","follow":"follow","max-snippet":"max-snippet:-1","max-image-preview":"max-image-preview:large","max-video-preview":"max-video-preview:-1"},"canonical":"https:\/\/biblioteka-gabin.pl\/index.php\/uslugi\/","og_locale":"pl_PL","og_type":"article","og_title":"Us\u0142ugi - Miejsko-Gminna Biblioteka Publiczna w G\u0105binie","og_description":"Bezp\u0142atne korzystanie z Internetu:&nbsp;Dla czytelnik\u00f3w i wszystkich odwiedzaj\u0105cych Bibliotek\u0119 dost\u0119pne","og_url":"https:\/\/biblioteka-gabin.pl\/index.php\/uslugi\/","og_site_name":"Miejsko-Gminna Biblioteka Publiczna w G\u0105binie","article_publisher":"https:\/\/www.facebook.com\/bibliotekagabin","article_modified_time":"2025-09-02T13:22:03+00:00","og_image":[{"url":"https:\/\/strona.biblioteka-gabin.pl\/wp-content\/uploads\/2025\/05\/komputer-1441108670.jpg","type":"","width":"","height":""}],"twitter_card":"summary_large_image","schema":{"@context":"https:\/\/schema.org","@graph":[{"@type":"WebPage","@id":"https:\/\/biblioteka-gabin.pl\/index.php\/uslugi\/","url":"https:\/\/biblioteka-gabin.pl\/index.php\/uslugi\/","name":"Us\u0142ugi - Miejsko-Gminna Biblioteka Publiczna w G\u0105binie","isPartOf":{"@id":"http:\/\/biblioteka-gabin.pl\/#website"},"primaryImageOfPage":{"@id":"https:\/\/biblioteka-gabin.pl\/index.php\/uslugi\/#primaryimage"},"image":{"@id":"https:\/\/biblioteka-gabin.pl\/index.php\/uslugi\/#primaryimage"},"thumbnailUrl":"https:\/\/strona.biblioteka-gabin.pl\/wp-content\/uploads\/2025\/05\/komputer-1441108670.jpg","datePublished":"2025-03-25T11:44:36+00:00","dateModified":"2025-09-02T13:22:03+00:00","breadcrumb":{"@id":"https:\/\/biblioteka-gabin.pl\/index.php\/uslugi\/#breadcrumb"},"inLanguage":"pl-PL","potentialAction":[{"@type":"ReadAction","target":["https:\/\/biblioteka-gabin.pl\/index.php\/uslugi\/"]}]},{"@type":"ImageObject","inLanguage":"pl-PL","@id":"https:\/\/biblioteka-gabin.pl\/index.php\/uslugi\/#primaryimage","url":"https:\/\/strona.biblioteka-gabin.pl\/wp-content\/uploads\/2025\/05\/komputer-1441108670.jpg","contentUrl":"https:\/\/strona.biblioteka-gabin.pl\/wp-content\/uploads\/2025\/05\/komputer-1441108670.jpg"},{"@type":"BreadcrumbList","@id":"https:\/\/biblioteka-gabin.pl\/index.php\/uslugi\/#breadcrumb","itemListElement":[{"@type":"ListItem","position":1,"name":"Strona g\u0142\u00f3wna","item":"http:\/\/biblioteka-gabin.pl\/"},{"@type":"ListItem","position":2,"name":"Us\u0142ugi"}]},{"@type":"WebSite","@id":"http:\/\/biblioteka-gabin.pl\/#website","url":"http:\/\/biblioteka-gabin.pl\/","name":"Miejsko-Gminna Biblioteka Publiczna w G\u0105binie","description":"","publisher":{"@id":"http:\/\/biblioteka-gabin.pl\/#organization"},"potentialAction":[{"@type":"SearchAction","target":{"@type":"EntryPoint","urlTemplate":"http:\/\/biblioteka-gabin.pl\/?s={search_term_string}"},"query-input":{"@type":"PropertyValueSpecification","valueRequired":true,"valueName":"search_term_string"}}],"inLanguage":"pl-PL"},{"@type":"Organization","@id":"http:\/\/biblioteka-gabin.pl\/#organization","name":"Miejsko-Gminna Biblioteka Publiczna w G\u0105binie","url":"http:\/\/biblioteka-gabin.pl\/","logo":{"@type":"ImageObject","inLanguage":"pl-PL","@id":"http:\/\/biblioteka-gabin.pl\/#\/schema\/logo\/image\/","url":"https:\/\/biblioteka-gabin.pl\/wp-content\/uploads\/2025\/03\/logo-biblioteka-2-1657013691-1.jpg","contentUrl":"https:\/\/biblioteka-gabin.pl\/wp-content\/uploads\/2025\/03\/logo-biblioteka-2-1657013691-1.jpg","width":1600,"height":772,"caption":"Miejsko-Gminna Biblioteka Publiczna w G\u0105binie"},"image":{"@id":"http:\/\/biblioteka-gabin.pl\/#\/schema\/logo\/image\/"},"sameAs":["https:\/\/www.facebook.com\/bibliotekagabin","https:\/\/www.youtube.com\/@mgbpgabin9392"]}]}},"_links":{"self":[{"href":"https:\/\/biblioteka-gabin.pl\/index.php\/wp-json\/wp\/v2\/pages\/1281","targetHints":{"allow":["GET"]}}],"collection":[{"href":"https:\/\/biblioteka-gabin.pl\/index.php\/wp-json\/wp\/v2\/pages"}],"about":[{"href":"https:\/\/biblioteka-gabin.pl\/index.php\/wp-json\/wp\/v2\/types\/page"}],"author":[{"embeddable":true,"href":"https:\/\/biblioteka-gabin.pl\/index.php\/wp-json\/wp\/v2\/users\/1"}],"replies":[{"embeddable":true,"href":"https:\/\/biblioteka-gabin.pl\/index.php\/wp-json\/wp\/v2\/comments?post=1281"}],"version-history":[{"count":4,"href":"https:\/\/biblioteka-gabin.pl\/index.php\/wp-json\/wp\/v2\/pages\/1281\/revisions"}],"predecessor-version":[{"id":1474,"href":"https:\/\/biblioteka-gabin.pl\/index.php\/wp-json\/wp\/v2\/pages\/1281\/revisions\/1474"}],"wp:attachment":[{"href":"https:\/\/biblioteka-gabin.pl\/index.php\/wp-json\/wp\/v2\/media?parent=1281"}],"curies":[{"name":"wp","href":"https:\/\/api.w.org\/{rel}","templated":true}]}}