{"id":1289,"date":"2025-03-25T11:45:50","date_gmt":"2025-03-25T11:45:50","guid":{"rendered":"https:\/\/strona.biblioteka-gabin.pl\/?page_id=1289"},"modified":"2025-10-07T14:22:40","modified_gmt":"2025-10-07T14:22:40","slug":"dokumenty","status":"publish","type":"page","link":"https:\/\/biblioteka-gabin.pl\/index.php\/dokumenty\/","title":{"rendered":"Dokumenty"},"content":{"rendered":"\n<p>W zwi\u0105zku z likwidacj\u0105 Filii Bibliotecznej w Borkach i Filii Bibliotecznej w Top\u00f3lnie w ramach struktury Miejsko-Gminnej Biblioteki Publicznej w G\u0105binie oraz przyj\u0119cie statutu samorz\u0105dowej instytucji kultury o nazwie Miejsko-Gminna Biblioteka Publiczna w G\u0105binie.<\/p>\n\n\n\n<h2 class=\"wp-block-heading has-text-align-center\" style=\"font-style:normal;font-weight:100\">AKTUALNO\u015aCI:<\/h2>\n\n\n\n<div class=\"wp-block-query is-layout-flow wp-block-query-is-layout-flow\"><ul class=\"wp-block-post-template is-layout-flow wp-block-post-template-is-layout-flow\"><li class=\"wp-block-post post-7683 post type-post status-publish format-standard hentry category-dokumenty\">\n<h2 class=\"wp-block-post-title\"><a href=\"https:\/\/biblioteka-gabin.pl\/index.php\/2025\/03\/20\/regulamin-wypozyczalni-miejsko-gminnej-biblioteki-publicznej-w-gabinie\/\" target=\"_self\" >Regulamin wypo\u017cyczalni Miejsko-Gminnej Biblioteki Publicznej w G\u0105binie<\/a><\/h2>\n\n\n\n<div class=\"wp-block-post-excerpt\"><p class=\"wp-block-post-excerpt__excerpt\"> <\/p><\/div>\n\n\n<hr class=\"wp-block-separator has-css-opacity\"\/>\n\n\n<div class=\"wp-block-post-date\"><time datetime=\"2025-03-20T00:00:00+00:00\">20 marca, 2025<\/time><\/div>\n<\/li><li class=\"wp-block-post post-7685 post type-post status-publish format-standard hentry category-dokumenty\">\n<h2 class=\"wp-block-post-title\"><a href=\"https:\/\/biblioteka-gabin.pl\/index.php\/2024\/12\/17\/zarzadzenie-nr-10-2024-dyrektora-mgbp-w-gabinie\/\" target=\"_self\" >Zarz\u0105dzenie nr 10\/2024 Dyrektora MGBP w G\u0105binie<\/a><\/h2>\n\n\n\n<div class=\"wp-block-post-excerpt\"><p class=\"wp-block-post-excerpt__excerpt\"> <\/p><\/div>\n\n\n<hr class=\"wp-block-separator has-css-opacity\"\/>\n\n\n<div class=\"wp-block-post-date\"><time datetime=\"2024-12-17T00:00:00+00:00\">17 grudnia, 2024<\/time><\/div>\n<\/li><li class=\"wp-block-post post-7677 post type-post status-publish format-standard hentry category-dokumenty\">\n<h2 class=\"wp-block-post-title\"><a href=\"https:\/\/biblioteka-gabin.pl\/index.php\/2024\/11\/20\/instrukcja-ochrony-maloletnich-w-miejsko-gminnej-bibliotece-publicznej-w-gabinie-i-filii-bibliotecznej-w-dobrzykowie\/\" target=\"_self\" >Instrukcja Ochrony Ma\u0142oletnich w Miejsko-Gminnej Bibliotece Publicznej w G\u0105binie i Filii Bibliotecznej w Dobrzykowie<\/a><\/h2>\n\n\n\n<div class=\"wp-block-post-excerpt\"><p class=\"wp-block-post-excerpt__excerpt\">s4-1732109123.jpg s7-1732109123.jpg s3-1732109123.jpg s8-1732109122.jpg s2-1732109122.jpg s6-1732109122.jpg s5-1732109122.jpg s10-1732109122.jpg s9-1732109122.jpg s1-1732109121.jpg <\/p><\/div>\n\n\n<hr class=\"wp-block-separator has-css-opacity\"\/>\n\n\n<div class=\"wp-block-post-date\"><time datetime=\"2024-11-20T00:00:00+00:00\">20 listopada, 2024<\/time><\/div>\n<\/li><li class=\"wp-block-post post-7681 post type-post status-publish format-standard hentry category-dokumenty\">\n<h2 class=\"wp-block-post-title\"><a href=\"https:\/\/biblioteka-gabin.pl\/index.php\/2024\/11\/20\/regulamin-funkcjonowania-monitoringu-wizyjnego-w-mgbp-w-gabinie\/\" target=\"_self\" >Regulamin funkcjonowania monitoringu wizyjnego w MGBP w G\u0105binie<\/a><\/h2>\n\n\n\n<div class=\"wp-block-post-excerpt\"><p class=\"wp-block-post-excerpt__excerpt\">m8-1732109306.jpg m5-1732109306.jpg m2-1732109306.jpg m9-1732109306.jpg m4-1732109306.jpg m6-1732109305.jpg m7-1732109305.jpg m3-1732109305.jpg m1-1732109305.jpg <\/p><\/div>\n\n\n<hr class=\"wp-block-separator has-css-opacity\"\/>\n\n\n<div class=\"wp-block-post-date\"><time datetime=\"2024-11-20T00:00:00+00:00\">20 listopada, 2024<\/time><\/div>\n<\/li><li class=\"wp-block-post post-7676 post type-post status-publish format-standard hentry category-dokumenty\">\n<h2 class=\"wp-block-post-title\"><a href=\"https:\/\/biblioteka-gabin.pl\/index.php\/2021\/12\/15\/informacja-o-funkcjonowaniu-biblioteki-24-i-31-grudnia-2021-r\/\" target=\"_self\" >INFORMACJA O FUNKCJONOWANIU BIBLIOTEKI  24 i 31 GRUDNIA.2021 R.<\/a><\/h2>\n\n\n\n<div class=\"wp-block-post-excerpt\"><p class=\"wp-block-post-excerpt__excerpt\">informacja-1639578962.docx <\/p><\/div>\n\n\n<hr class=\"wp-block-separator has-css-opacity\"\/>\n\n\n<div class=\"wp-block-post-date\"><time datetime=\"2021-12-15T00:00:00+00:00\">15 grudnia, 2021<\/time><\/div>\n<\/li><li class=\"wp-block-post post-7682 post type-post status-publish format-standard hentry category-dokumenty\">\n<h2 class=\"wp-block-post-title\"><a href=\"https:\/\/biblioteka-gabin.pl\/index.php\/2021\/06\/30\/regulamin-mgbp-w-gabinie\/\" target=\"_self\" >Regulamin MGBP w G\u0105binie<\/a><\/h2>\n\n\n\n<div class=\"wp-block-post-excerpt\"><p class=\"wp-block-post-excerpt__excerpt\">regulamin-1-1625056445.pdf <\/p><\/div>\n\n\n<hr class=\"wp-block-separator has-css-opacity\"\/>\n\n\n<div class=\"wp-block-post-date\"><time datetime=\"2021-06-30T00:00:00+00:00\">30 czerwca, 2021<\/time><\/div>\n<\/li><li class=\"wp-block-post post-7684 post type-post status-publish format-standard hentry category-dokumenty\">\n<h2 class=\"wp-block-post-title\"><a href=\"https:\/\/biblioteka-gabin.pl\/index.php\/2021\/06\/30\/uchwala-nr-253-xxxix-2005-rady-miasta-i-gminy-gabin-z-dnia-29-grudnia-2005\/\" target=\"_self\" >Uchwa\u0142a Nr 253\/XXXIX\/2005 Rady Miasta i Gminy G\u0105bin z dnia 29 grudnia 2005<\/a><\/h2>\n\n\n\n<div class=\"wp-block-post-excerpt\"><p class=\"wp-block-post-excerpt__excerpt\">statut-miejsko-gminnej-biblioteki-w-gabinie-1625052379.jpg statut-miejsko-gminnej-biblioteki-w-gabinie-2-1625052378.jpg <\/p><\/div>\n\n\n<hr class=\"wp-block-separator has-css-opacity\"\/>\n\n\n<div class=\"wp-block-post-date\"><time datetime=\"2021-06-30T00:00:00+00:00\">30 czerwca, 2021<\/time><\/div>\n<\/li><li class=\"wp-block-post post-7678 post type-post status-publish format-standard hentry category-dokumenty\">\n<h2 class=\"wp-block-post-title\"><a href=\"https:\/\/biblioteka-gabin.pl\/index.php\/2021\/06\/21\/klauzula-informacyjna-dla-czytelnika\/\" target=\"_self\" >Klauzula informacyjna dla czytelnika<\/a><\/h2>\n\n\n\n<div class=\"wp-block-post-excerpt\"><p class=\"wp-block-post-excerpt__excerpt\">2021601078090761297411515162986322069903265n-1624287152.jpg <\/p><\/div>\n\n\n<hr class=\"wp-block-separator has-css-opacity\"\/>\n\n\n<div class=\"wp-block-post-date\"><time datetime=\"2021-06-21T00:00:00+00:00\">21 czerwca, 2021<\/time><\/div>\n<\/li><li class=\"wp-block-post post-7679 post type-post status-publish format-standard hentry category-dokumenty\">\n<h2 class=\"wp-block-post-title\"><a href=\"https:\/\/biblioteka-gabin.pl\/index.php\/2021\/06\/21\/klauzula-informacyjna\/\" target=\"_self\" >Klauzula informacyjna<\/a><\/h2>\n\n\n\n<div class=\"wp-block-post-excerpt\"><p class=\"wp-block-post-excerpt__excerpt\">2040812365084956871277645275501272373368372n-1624286608.jpg <\/p><\/div>\n\n\n<hr class=\"wp-block-separator has-css-opacity\"\/>\n\n\n<div class=\"wp-block-post-date\"><time datetime=\"2021-06-21T00:00:00+00:00\">21 czerwca, 2021<\/time><\/div>\n<\/li><li class=\"wp-block-post post-7680 post type-post status-publish format-standard hentry category-dokumenty\">\n<h2 class=\"wp-block-post-title\"><a href=\"https:\/\/biblioteka-gabin.pl\/index.php\/2021\/04\/06\/raport-o-stanie-zapewnienia-dostepnosci-podmiotu-publicznego\/\" target=\"_self\" >Raport o stanie zapewnienia dost\u0119pno\u015bci podmiotu publicznego<\/a><\/h2>\n\n\n\n<div class=\"wp-block-post-excerpt\"><p class=\"wp-block-post-excerpt__excerpt\">Raport o stanie zapewnienia dost\u0119pno\u015bci podmiotu publicznego Miejsko-Gminna Biblioteka Publiczna <\/p><\/div>\n\n\n<hr class=\"wp-block-separator has-css-opacity\"\/>\n\n\n<div class=\"wp-block-post-date\"><time datetime=\"2021-04-06T00:00:00+00:00\">6 kwietnia, 2021<\/time><\/div>\n<\/li><\/ul><\/div>\n\n\n\n<div class=\"wp-block-buttons is-layout-flex wp-block-buttons-is-layout-flex\">\n<div class=\"wp-block-button\"><a class=\"wp-block-button__link wp-element-button\" href=\"https:\/\/biblioteka-gabin.pl\/index.php\/category\/dokumenty\/\">Wi\u0119cej<\/a><\/div>\n<\/div>\n","protected":false},"excerpt":{"rendered":"<p>W zwi\u0105zku z likwidacj\u0105 Filii Bibliotecznej w Borkach i Filii<\/p>\n","protected":false},"author":1,"featured_media":0,"parent":0,"menu_order":0,"comment_status":"closed","ping_status":"closed","template":"","meta":{"footnotes":""},"class_list":["post-1289","page","type-page","status-publish","hentry"],"yoast_head":"<!-- This site is optimized with the Yoast SEO plugin v27.0 - https:\/\/yoast.com\/product\/yoast-seo-wordpress\/ -->\n<title>Dokumenty - Miejsko-Gminna Biblioteka Publiczna w G\u0105binie<\/title>\n<meta name=\"robots\" content=\"index, follow, max-snippet:-1, max-image-preview:large, max-video-preview:-1\" \/>\n<link rel=\"canonical\" href=\"https:\/\/biblioteka-gabin.pl\/index.php\/dokumenty\/\" \/>\n<meta property=\"og:locale\" content=\"pl_PL\" \/>\n<meta property=\"og:type\" content=\"article\" \/>\n<meta property=\"og:title\" content=\"Dokumenty - Miejsko-Gminna Biblioteka Publiczna w G\u0105binie\" \/>\n<meta property=\"og:description\" content=\"W zwi\u0105zku z likwidacj\u0105 Filii Bibliotecznej w Borkach i Filii\" \/>\n<meta property=\"og:url\" content=\"https:\/\/biblioteka-gabin.pl\/index.php\/dokumenty\/\" \/>\n<meta property=\"og:site_name\" content=\"Miejsko-Gminna Biblioteka Publiczna w G\u0105binie\" \/>\n<meta property=\"article:publisher\" content=\"https:\/\/www.facebook.com\/bibliotekagabin\" \/>\n<meta property=\"article:modified_time\" content=\"2025-10-07T14:22:40+00:00\" \/>\n<meta property=\"og:image\" content=\"https:\/\/biblioteka-gabin.pl\/wp-content\/uploads\/2025\/03\/logo-biblioteka-2-1657013691-1.jpg\" \/>\n\t<meta property=\"og:image:width\" content=\"1600\" \/>\n\t<meta property=\"og:image:height\" content=\"772\" \/>\n\t<meta property=\"og:image:type\" content=\"image\/jpeg\" \/>\n<meta name=\"twitter:card\" content=\"summary_large_image\" \/>\n<meta name=\"twitter:label1\" content=\"Szacowany czas czytania\" \/>\n\t<meta name=\"twitter:data1\" content=\"1 minuta\" \/>\n<script type=\"application\/ld+json\" class=\"yoast-schema-graph\">{\"@context\":\"https:\/\/schema.org\",\"@graph\":[{\"@type\":\"WebPage\",\"@id\":\"https:\/\/biblioteka-gabin.pl\/index.php\/dokumenty\/\",\"url\":\"https:\/\/biblioteka-gabin.pl\/index.php\/dokumenty\/\",\"name\":\"Dokumenty - Miejsko-Gminna Biblioteka Publiczna w G\u0105binie\",\"isPartOf\":{\"@id\":\"http:\/\/biblioteka-gabin.pl\/#website\"},\"datePublished\":\"2025-03-25T11:45:50+00:00\",\"dateModified\":\"2025-10-07T14:22:40+00:00\",\"breadcrumb\":{\"@id\":\"https:\/\/biblioteka-gabin.pl\/index.php\/dokumenty\/#breadcrumb\"},\"inLanguage\":\"pl-PL\",\"potentialAction\":[{\"@type\":\"ReadAction\",\"target\":[\"https:\/\/biblioteka-gabin.pl\/index.php\/dokumenty\/\"]}]},{\"@type\":\"BreadcrumbList\",\"@id\":\"https:\/\/biblioteka-gabin.pl\/index.php\/dokumenty\/#breadcrumb\",\"itemListElement\":[{\"@type\":\"ListItem\",\"position\":1,\"name\":\"Strona g\u0142\u00f3wna\",\"item\":\"http:\/\/biblioteka-gabin.pl\/\"},{\"@type\":\"ListItem\",\"position\":2,\"name\":\"Dokumenty\"}]},{\"@type\":\"WebSite\",\"@id\":\"http:\/\/biblioteka-gabin.pl\/#website\",\"url\":\"http:\/\/biblioteka-gabin.pl\/\",\"name\":\"Miejsko-Gminna Biblioteka Publiczna w G\u0105binie\",\"description\":\"\",\"publisher\":{\"@id\":\"http:\/\/biblioteka-gabin.pl\/#organization\"},\"potentialAction\":[{\"@type\":\"SearchAction\",\"target\":{\"@type\":\"EntryPoint\",\"urlTemplate\":\"http:\/\/biblioteka-gabin.pl\/?s={search_term_string}\"},\"query-input\":{\"@type\":\"PropertyValueSpecification\",\"valueRequired\":true,\"valueName\":\"search_term_string\"}}],\"inLanguage\":\"pl-PL\"},{\"@type\":\"Organization\",\"@id\":\"http:\/\/biblioteka-gabin.pl\/#organization\",\"name\":\"Miejsko-Gminna Biblioteka Publiczna w G\u0105binie\",\"url\":\"http:\/\/biblioteka-gabin.pl\/\",\"logo\":{\"@type\":\"ImageObject\",\"inLanguage\":\"pl-PL\",\"@id\":\"http:\/\/biblioteka-gabin.pl\/#\/schema\/logo\/image\/\",\"url\":\"https:\/\/biblioteka-gabin.pl\/wp-content\/uploads\/2025\/03\/logo-biblioteka-2-1657013691-1.jpg\",\"contentUrl\":\"https:\/\/biblioteka-gabin.pl\/wp-content\/uploads\/2025\/03\/logo-biblioteka-2-1657013691-1.jpg\",\"width\":1600,\"height\":772,\"caption\":\"Miejsko-Gminna Biblioteka Publiczna w G\u0105binie\"},\"image\":{\"@id\":\"http:\/\/biblioteka-gabin.pl\/#\/schema\/logo\/image\/\"},\"sameAs\":[\"https:\/\/www.facebook.com\/bibliotekagabin\",\"https:\/\/www.youtube.com\/@mgbpgabin9392\"]}]}<\/script>\n<!-- \/ Yoast SEO plugin. -->","yoast_head_json":{"title":"Dokumenty - Miejsko-Gminna Biblioteka Publiczna w G\u0105binie","robots":{"index":"index","follow":"follow","max-snippet":"max-snippet:-1","max-image-preview":"max-image-preview:large","max-video-preview":"max-video-preview:-1"},"canonical":"https:\/\/biblioteka-gabin.pl\/index.php\/dokumenty\/","og_locale":"pl_PL","og_type":"article","og_title":"Dokumenty - Miejsko-Gminna Biblioteka Publiczna w G\u0105binie","og_description":"W zwi\u0105zku z likwidacj\u0105 Filii Bibliotecznej w Borkach i Filii","og_url":"https:\/\/biblioteka-gabin.pl\/index.php\/dokumenty\/","og_site_name":"Miejsko-Gminna Biblioteka Publiczna w G\u0105binie","article_publisher":"https:\/\/www.facebook.com\/bibliotekagabin","article_modified_time":"2025-10-07T14:22:40+00:00","og_image":[{"width":1600,"height":772,"url":"https:\/\/biblioteka-gabin.pl\/wp-content\/uploads\/2025\/03\/logo-biblioteka-2-1657013691-1.jpg","type":"image\/jpeg"}],"twitter_card":"summary_large_image","twitter_misc":{"Szacowany czas czytania":"1 minuta"},"schema":{"@context":"https:\/\/schema.org","@graph":[{"@type":"WebPage","@id":"https:\/\/biblioteka-gabin.pl\/index.php\/dokumenty\/","url":"https:\/\/biblioteka-gabin.pl\/index.php\/dokumenty\/","name":"Dokumenty - Miejsko-Gminna Biblioteka Publiczna w G\u0105binie","isPartOf":{"@id":"http:\/\/biblioteka-gabin.pl\/#website"},"datePublished":"2025-03-25T11:45:50+00:00","dateModified":"2025-10-07T14:22:40+00:00","breadcrumb":{"@id":"https:\/\/biblioteka-gabin.pl\/index.php\/dokumenty\/#breadcrumb"},"inLanguage":"pl-PL","potentialAction":[{"@type":"ReadAction","target":["https:\/\/biblioteka-gabin.pl\/index.php\/dokumenty\/"]}]},{"@type":"BreadcrumbList","@id":"https:\/\/biblioteka-gabin.pl\/index.php\/dokumenty\/#breadcrumb","itemListElement":[{"@type":"ListItem","position":1,"name":"Strona g\u0142\u00f3wna","item":"http:\/\/biblioteka-gabin.pl\/"},{"@type":"ListItem","position":2,"name":"Dokumenty"}]},{"@type":"WebSite","@id":"http:\/\/biblioteka-gabin.pl\/#website","url":"http:\/\/biblioteka-gabin.pl\/","name":"Miejsko-Gminna Biblioteka Publiczna w G\u0105binie","description":"","publisher":{"@id":"http:\/\/biblioteka-gabin.pl\/#organization"},"potentialAction":[{"@type":"SearchAction","target":{"@type":"EntryPoint","urlTemplate":"http:\/\/biblioteka-gabin.pl\/?s={search_term_string}"},"query-input":{"@type":"PropertyValueSpecification","valueRequired":true,"valueName":"search_term_string"}}],"inLanguage":"pl-PL"},{"@type":"Organization","@id":"http:\/\/biblioteka-gabin.pl\/#organization","name":"Miejsko-Gminna Biblioteka Publiczna w G\u0105binie","url":"http:\/\/biblioteka-gabin.pl\/","logo":{"@type":"ImageObject","inLanguage":"pl-PL","@id":"http:\/\/biblioteka-gabin.pl\/#\/schema\/logo\/image\/","url":"https:\/\/biblioteka-gabin.pl\/wp-content\/uploads\/2025\/03\/logo-biblioteka-2-1657013691-1.jpg","contentUrl":"https:\/\/biblioteka-gabin.pl\/wp-content\/uploads\/2025\/03\/logo-biblioteka-2-1657013691-1.jpg","width":1600,"height":772,"caption":"Miejsko-Gminna Biblioteka Publiczna w G\u0105binie"},"image":{"@id":"http:\/\/biblioteka-gabin.pl\/#\/schema\/logo\/image\/"},"sameAs":["https:\/\/www.facebook.com\/bibliotekagabin","https:\/\/www.youtube.com\/@mgbpgabin9392"]}]}},"_links":{"self":[{"href":"https:\/\/biblioteka-gabin.pl\/index.php\/wp-json\/wp\/v2\/pages\/1289","targetHints":{"allow":["GET"]}}],"collection":[{"href":"https:\/\/biblioteka-gabin.pl\/index.php\/wp-json\/wp\/v2\/pages"}],"about":[{"href":"https:\/\/biblioteka-gabin.pl\/index.php\/wp-json\/wp\/v2\/types\/page"}],"author":[{"embeddable":true,"href":"https:\/\/biblioteka-gabin.pl\/index.php\/wp-json\/wp\/v2\/users\/1"}],"replies":[{"embeddable":true,"href":"https:\/\/biblioteka-gabin.pl\/index.php\/wp-json\/wp\/v2\/comments?post=1289"}],"version-history":[{"count":4,"href":"https:\/\/biblioteka-gabin.pl\/index.php\/wp-json\/wp\/v2\/pages\/1289\/revisions"}],"predecessor-version":[{"id":1587,"href":"https:\/\/biblioteka-gabin.pl\/index.php\/wp-json\/wp\/v2\/pages\/1289\/revisions\/1587"}],"wp:attachment":[{"href":"https:\/\/biblioteka-gabin.pl\/index.php\/wp-json\/wp\/v2\/media?parent=1289"}],"curies":[{"name":"wp","href":"https:\/\/api.w.org\/{rel}","templated":true}]}}