{"id":1292,"date":"2025-03-25T11:46:25","date_gmt":"2025-03-25T11:46:25","guid":{"rendered":"https:\/\/strona.biblioteka-gabin.pl\/?page_id=1292"},"modified":"2025-10-07T14:23:01","modified_gmt":"2025-10-07T14:23:01","slug":"osiagniecia","status":"publish","type":"page","link":"https:\/\/biblioteka-gabin.pl\/index.php\/osiagniecia\/","title":{"rendered":"Osi\u0105gni\u0119cia"},"content":{"rendered":"\n<h2 class=\"wp-block-heading has-text-align-center\" style=\"font-style:normal;font-weight:100\">AKTUALNO\u015aCI:<\/h2>\n\n\n\n<div class=\"wp-block-query is-layout-flow wp-block-query-is-layout-flow\"><ul class=\"wp-block-post-template is-layout-flow wp-block-post-template-is-layout-flow\"><li class=\"wp-block-post post-9439 post type-post status-publish format-standard hentry category-osiagniecia\">\n<h2 class=\"wp-block-post-title\"><a href=\"https:\/\/biblioteka-gabin.pl\/index.php\/2021\/11\/16\/biblioteka-w-gabinie-nagrodzona-otrzymalismy-ksiazki-wielkie-pufy-ktore-trafily-do-czytelni-oraz-dyplom\/\" target=\"_self\" >Biblioteka w G\u0105binie Nagrodzona !  Otrzymali\u015bmy ksi\u0105\u017cki, wielkie pufy, kt\u00f3re trafi\u0142y do czytelni oraz dyplom !<\/a><\/h2>\n\n\n\n<div class=\"wp-block-post-excerpt\"><p class=\"wp-block-post-excerpt__excerpt\">Drodzy Czytelnicy, W 2019 roku przyst\u0105pili\u015bmy do akcji WSP\u00d3LNE CZYTANIE <\/p><\/div>\n\n\n<hr class=\"wp-block-separator has-css-opacity\"\/>\n\n\n<div class=\"wp-block-post-date\"><time datetime=\"2021-11-16T00:00:00+00:00\">16 listopada, 2021<\/time><\/div>\n<\/li><li class=\"wp-block-post post-9440 post type-post status-publish format-standard hentry category-osiagniecia\">\n<h2 class=\"wp-block-post-title\"><a href=\"https:\/\/biblioteka-gabin.pl\/index.php\/2021\/11\/16\/podziekowania-od-prezydenta-rzeczypospolitej-polskiej-za-narodowe-czytanie-w-mgbp-w-gabinie-2\/\" target=\"_self\" >Podzi\u0119kowania od Prezydenta Rzeczypospolitej Polskiej za Narodowe Czytanie w MGBP w G\u0105binie<\/a><\/h2>\n\n\n\n<div class=\"wp-block-post-excerpt\"><p class=\"wp-block-post-excerpt__excerpt\">Szanowni Pa\u0144stwo, Drodzy Czytelnicy, mamy zaszczyt przekaza\u0107 Pa\u0144stwu Adres jaki <\/p><\/div>\n\n\n<hr class=\"wp-block-separator has-css-opacity\"\/>\n\n\n<div class=\"wp-block-post-date\"><time datetime=\"2021-11-16T00:00:00+00:00\">16 listopada, 2021<\/time><\/div>\n<\/li><\/ul><\/div>\n\n\n\n<div class=\"wp-block-buttons is-layout-flex wp-block-buttons-is-layout-flex\">\n<div class=\"wp-block-button\"><a class=\"wp-block-button__link wp-element-button\" href=\"https:\/\/biblioteka-gabin.pl\/index.php\/category\/osiagniecia\/\">Wi\u0119cej<\/a><\/div>\n<\/div>\n\n\n\n<p><\/p>\n","protected":false},"excerpt":{"rendered":"<p>AKTUALNO\u015aCI:<\/p>\n","protected":false},"author":1,"featured_media":0,"parent":0,"menu_order":0,"comment_status":"closed","ping_status":"closed","template":"","meta":{"footnotes":""},"class_list":["post-1292","page","type-page","status-publish","hentry"],"yoast_head":"<!-- This site is optimized with the Yoast SEO plugin v27.0 - https:\/\/yoast.com\/product\/yoast-seo-wordpress\/ -->\n<title>Osi\u0105gni\u0119cia - Miejsko-Gminna Biblioteka Publiczna w G\u0105binie<\/title>\n<meta name=\"robots\" content=\"index, follow, max-snippet:-1, max-image-preview:large, max-video-preview:-1\" \/>\n<link rel=\"canonical\" href=\"https:\/\/biblioteka-gabin.pl\/index.php\/osiagniecia\/\" \/>\n<meta property=\"og:locale\" content=\"pl_PL\" \/>\n<meta property=\"og:type\" content=\"article\" \/>\n<meta property=\"og:title\" content=\"Osi\u0105gni\u0119cia - Miejsko-Gminna Biblioteka Publiczna w G\u0105binie\" \/>\n<meta property=\"og:description\" content=\"AKTUALNO\u015aCI:\" \/>\n<meta property=\"og:url\" content=\"https:\/\/biblioteka-gabin.pl\/index.php\/osiagniecia\/\" \/>\n<meta property=\"og:site_name\" content=\"Miejsko-Gminna Biblioteka Publiczna w G\u0105binie\" \/>\n<meta property=\"article:publisher\" content=\"https:\/\/www.facebook.com\/bibliotekagabin\" \/>\n<meta property=\"article:modified_time\" content=\"2025-10-07T14:23:01+00:00\" \/>\n<meta property=\"og:image\" content=\"https:\/\/biblioteka-gabin.pl\/wp-content\/uploads\/2025\/03\/logo-biblioteka-2-1657013691-1.jpg\" \/>\n\t<meta property=\"og:image:width\" content=\"1600\" \/>\n\t<meta property=\"og:image:height\" content=\"772\" \/>\n\t<meta property=\"og:image:type\" content=\"image\/jpeg\" \/>\n<meta name=\"twitter:card\" content=\"summary_large_image\" \/>\n<meta name=\"twitter:label1\" content=\"Szacowany czas czytania\" \/>\n\t<meta name=\"twitter:data1\" content=\"1 minuta\" \/>\n<script type=\"application\/ld+json\" class=\"yoast-schema-graph\">{\"@context\":\"https:\/\/schema.org\",\"@graph\":[{\"@type\":\"WebPage\",\"@id\":\"https:\/\/biblioteka-gabin.pl\/index.php\/osiagniecia\/\",\"url\":\"https:\/\/biblioteka-gabin.pl\/index.php\/osiagniecia\/\",\"name\":\"Osi\u0105gni\u0119cia - Miejsko-Gminna Biblioteka Publiczna w G\u0105binie\",\"isPartOf\":{\"@id\":\"http:\/\/biblioteka-gabin.pl\/#website\"},\"datePublished\":\"2025-03-25T11:46:25+00:00\",\"dateModified\":\"2025-10-07T14:23:01+00:00\",\"breadcrumb\":{\"@id\":\"https:\/\/biblioteka-gabin.pl\/index.php\/osiagniecia\/#breadcrumb\"},\"inLanguage\":\"pl-PL\",\"potentialAction\":[{\"@type\":\"ReadAction\",\"target\":[\"https:\/\/biblioteka-gabin.pl\/index.php\/osiagniecia\/\"]}]},{\"@type\":\"BreadcrumbList\",\"@id\":\"https:\/\/biblioteka-gabin.pl\/index.php\/osiagniecia\/#breadcrumb\",\"itemListElement\":[{\"@type\":\"ListItem\",\"position\":1,\"name\":\"Strona g\u0142\u00f3wna\",\"item\":\"http:\/\/biblioteka-gabin.pl\/\"},{\"@type\":\"ListItem\",\"position\":2,\"name\":\"Osi\u0105gni\u0119cia\"}]},{\"@type\":\"WebSite\",\"@id\":\"http:\/\/biblioteka-gabin.pl\/#website\",\"url\":\"http:\/\/biblioteka-gabin.pl\/\",\"name\":\"Miejsko-Gminna Biblioteka Publiczna w G\u0105binie\",\"description\":\"\",\"publisher\":{\"@id\":\"http:\/\/biblioteka-gabin.pl\/#organization\"},\"potentialAction\":[{\"@type\":\"SearchAction\",\"target\":{\"@type\":\"EntryPoint\",\"urlTemplate\":\"http:\/\/biblioteka-gabin.pl\/?s={search_term_string}\"},\"query-input\":{\"@type\":\"PropertyValueSpecification\",\"valueRequired\":true,\"valueName\":\"search_term_string\"}}],\"inLanguage\":\"pl-PL\"},{\"@type\":\"Organization\",\"@id\":\"http:\/\/biblioteka-gabin.pl\/#organization\",\"name\":\"Miejsko-Gminna Biblioteka Publiczna w G\u0105binie\",\"url\":\"http:\/\/biblioteka-gabin.pl\/\",\"logo\":{\"@type\":\"ImageObject\",\"inLanguage\":\"pl-PL\",\"@id\":\"http:\/\/biblioteka-gabin.pl\/#\/schema\/logo\/image\/\",\"url\":\"https:\/\/biblioteka-gabin.pl\/wp-content\/uploads\/2025\/03\/logo-biblioteka-2-1657013691-1.jpg\",\"contentUrl\":\"https:\/\/biblioteka-gabin.pl\/wp-content\/uploads\/2025\/03\/logo-biblioteka-2-1657013691-1.jpg\",\"width\":1600,\"height\":772,\"caption\":\"Miejsko-Gminna Biblioteka Publiczna w G\u0105binie\"},\"image\":{\"@id\":\"http:\/\/biblioteka-gabin.pl\/#\/schema\/logo\/image\/\"},\"sameAs\":[\"https:\/\/www.facebook.com\/bibliotekagabin\",\"https:\/\/www.youtube.com\/@mgbpgabin9392\"]}]}<\/script>\n<!-- \/ Yoast SEO plugin. -->","yoast_head_json":{"title":"Osi\u0105gni\u0119cia - Miejsko-Gminna Biblioteka Publiczna w G\u0105binie","robots":{"index":"index","follow":"follow","max-snippet":"max-snippet:-1","max-image-preview":"max-image-preview:large","max-video-preview":"max-video-preview:-1"},"canonical":"https:\/\/biblioteka-gabin.pl\/index.php\/osiagniecia\/","og_locale":"pl_PL","og_type":"article","og_title":"Osi\u0105gni\u0119cia - Miejsko-Gminna Biblioteka Publiczna w G\u0105binie","og_description":"AKTUALNO\u015aCI:","og_url":"https:\/\/biblioteka-gabin.pl\/index.php\/osiagniecia\/","og_site_name":"Miejsko-Gminna Biblioteka Publiczna w G\u0105binie","article_publisher":"https:\/\/www.facebook.com\/bibliotekagabin","article_modified_time":"2025-10-07T14:23:01+00:00","og_image":[{"width":1600,"height":772,"url":"https:\/\/biblioteka-gabin.pl\/wp-content\/uploads\/2025\/03\/logo-biblioteka-2-1657013691-1.jpg","type":"image\/jpeg"}],"twitter_card":"summary_large_image","twitter_misc":{"Szacowany czas czytania":"1 minuta"},"schema":{"@context":"https:\/\/schema.org","@graph":[{"@type":"WebPage","@id":"https:\/\/biblioteka-gabin.pl\/index.php\/osiagniecia\/","url":"https:\/\/biblioteka-gabin.pl\/index.php\/osiagniecia\/","name":"Osi\u0105gni\u0119cia - Miejsko-Gminna Biblioteka Publiczna w G\u0105binie","isPartOf":{"@id":"http:\/\/biblioteka-gabin.pl\/#website"},"datePublished":"2025-03-25T11:46:25+00:00","dateModified":"2025-10-07T14:23:01+00:00","breadcrumb":{"@id":"https:\/\/biblioteka-gabin.pl\/index.php\/osiagniecia\/#breadcrumb"},"inLanguage":"pl-PL","potentialAction":[{"@type":"ReadAction","target":["https:\/\/biblioteka-gabin.pl\/index.php\/osiagniecia\/"]}]},{"@type":"BreadcrumbList","@id":"https:\/\/biblioteka-gabin.pl\/index.php\/osiagniecia\/#breadcrumb","itemListElement":[{"@type":"ListItem","position":1,"name":"Strona g\u0142\u00f3wna","item":"http:\/\/biblioteka-gabin.pl\/"},{"@type":"ListItem","position":2,"name":"Osi\u0105gni\u0119cia"}]},{"@type":"WebSite","@id":"http:\/\/biblioteka-gabin.pl\/#website","url":"http:\/\/biblioteka-gabin.pl\/","name":"Miejsko-Gminna Biblioteka Publiczna w G\u0105binie","description":"","publisher":{"@id":"http:\/\/biblioteka-gabin.pl\/#organization"},"potentialAction":[{"@type":"SearchAction","target":{"@type":"EntryPoint","urlTemplate":"http:\/\/biblioteka-gabin.pl\/?s={search_term_string}"},"query-input":{"@type":"PropertyValueSpecification","valueRequired":true,"valueName":"search_term_string"}}],"inLanguage":"pl-PL"},{"@type":"Organization","@id":"http:\/\/biblioteka-gabin.pl\/#organization","name":"Miejsko-Gminna Biblioteka Publiczna w G\u0105binie","url":"http:\/\/biblioteka-gabin.pl\/","logo":{"@type":"ImageObject","inLanguage":"pl-PL","@id":"http:\/\/biblioteka-gabin.pl\/#\/schema\/logo\/image\/","url":"https:\/\/biblioteka-gabin.pl\/wp-content\/uploads\/2025\/03\/logo-biblioteka-2-1657013691-1.jpg","contentUrl":"https:\/\/biblioteka-gabin.pl\/wp-content\/uploads\/2025\/03\/logo-biblioteka-2-1657013691-1.jpg","width":1600,"height":772,"caption":"Miejsko-Gminna Biblioteka Publiczna w G\u0105binie"},"image":{"@id":"http:\/\/biblioteka-gabin.pl\/#\/schema\/logo\/image\/"},"sameAs":["https:\/\/www.facebook.com\/bibliotekagabin","https:\/\/www.youtube.com\/@mgbpgabin9392"]}]}},"_links":{"self":[{"href":"https:\/\/biblioteka-gabin.pl\/index.php\/wp-json\/wp\/v2\/pages\/1292","targetHints":{"allow":["GET"]}}],"collection":[{"href":"https:\/\/biblioteka-gabin.pl\/index.php\/wp-json\/wp\/v2\/pages"}],"about":[{"href":"https:\/\/biblioteka-gabin.pl\/index.php\/wp-json\/wp\/v2\/types\/page"}],"author":[{"embeddable":true,"href":"https:\/\/biblioteka-gabin.pl\/index.php\/wp-json\/wp\/v2\/users\/1"}],"replies":[{"embeddable":true,"href":"https:\/\/biblioteka-gabin.pl\/index.php\/wp-json\/wp\/v2\/comments?post=1292"}],"version-history":[{"count":4,"href":"https:\/\/biblioteka-gabin.pl\/index.php\/wp-json\/wp\/v2\/pages\/1292\/revisions"}],"predecessor-version":[{"id":1588,"href":"https:\/\/biblioteka-gabin.pl\/index.php\/wp-json\/wp\/v2\/pages\/1292\/revisions\/1588"}],"wp:attachment":[{"href":"https:\/\/biblioteka-gabin.pl\/index.php\/wp-json\/wp\/v2\/media?parent=1292"}],"curies":[{"name":"wp","href":"https:\/\/api.w.org\/{rel}","templated":true}]}}