{"id":1336,"date":"2025-03-25T12:34:02","date_gmt":"2025-03-25T12:34:02","guid":{"rendered":"https:\/\/strona.biblioteka-gabin.pl\/?page_id=1336"},"modified":"2026-02-20T18:46:31","modified_gmt":"2026-02-20T18:46:31","slug":"main","status":"publish","type":"page","link":"https:\/\/biblioteka-gabin.pl\/","title":{"rendered":"G\u0142\u00f3wna"},"content":{"rendered":"\n<h2 class=\"wp-block-heading\"><strong>Witamy na nowej stronie Miejsko-Gminnej Biblioteki Publicznej w G\u0105binie!<\/strong><\/h2>\n\n\n\n<figure class=\"wp-block-image size-large\"><img loading=\"lazy\" decoding=\"async\" width=\"1024\" height=\"771\" src=\"https:\/\/biblioteka-gabin.pl\/wp-content\/uploads\/2026\/02\/80lat-1024x771.jpg\" alt=\"\" class=\"wp-image-10438\" srcset=\"https:\/\/biblioteka-gabin.pl\/wp-content\/uploads\/2026\/02\/80lat-1024x771.jpg 1024w, https:\/\/biblioteka-gabin.pl\/wp-content\/uploads\/2026\/02\/80lat-300x226.jpg 300w, https:\/\/biblioteka-gabin.pl\/wp-content\/uploads\/2026\/02\/80lat-768x578.jpg 768w, https:\/\/biblioteka-gabin.pl\/wp-content\/uploads\/2026\/02\/80lat.jpg 1232w\" sizes=\"auto, (max-width: 1024px) 100vw, 1024px\" \/><\/figure>\n\n\n\n<hr class=\"wp-block-separator has-alpha-channel-opacity\"\/>\n\n\n\n<div class=\"wp-block-query is-layout-flow wp-block-query-is-layout-flow\"><ul class=\"wp-block-post-template is-layout-flow wp-block-post-template-is-layout-flow\"><li class=\"wp-block-post post-10791 post type-post status-publish format-standard has-post-thumbnail hentry category-main category-ogloszenia\">\n<h2 class=\"wp-block-post-title\"><a href=\"https:\/\/biblioteka-gabin.pl\/index.php\/2026\/04\/08\/konkurs-recytatorski-pieknie-byc-czlowiekiem-2\/\" target=\"_self\" >Konkurs recytatorski &#8222;Pi\u0119knie by\u0107 cz\u0142owiekiem&#8221;<\/a><\/h2>\n\n<figure class=\"alignwide wp-block-post-featured-image\"><a href=\"https:\/\/biblioteka-gabin.pl\/index.php\/2026\/04\/08\/konkurs-recytatorski-pieknie-byc-czlowiekiem-2\/\" target=\"_self\"  ><img width=\"1817\" height=\"2560\" src=\"https:\/\/biblioteka-gabin.pl\/wp-content\/uploads\/2026\/04\/logo-pieknie-byc-czlowiekiem.jpg\" class=\"attachment-post-thumbnail size-post-thumbnail wp-post-image\" alt=\"Konkurs recytatorski &#8222;Pi\u0119knie by\u0107 cz\u0142owiekiem&#8221;\" style=\"object-fit:cover;\" srcset=\"https:\/\/biblioteka-gabin.pl\/wp-content\/uploads\/2026\/04\/logo-pieknie-byc-czlowiekiem.jpg 1817w, https:\/\/biblioteka-gabin.pl\/wp-content\/uploads\/2026\/04\/logo-pieknie-byc-czlowiekiem-213x300.jpg 213w, https:\/\/biblioteka-gabin.pl\/wp-content\/uploads\/2026\/04\/logo-pieknie-byc-czlowiekiem-727x1024.jpg 727w, https:\/\/biblioteka-gabin.pl\/wp-content\/uploads\/2026\/04\/logo-pieknie-byc-czlowiekiem-768x1082.jpg 768w, https:\/\/biblioteka-gabin.pl\/wp-content\/uploads\/2026\/04\/logo-pieknie-byc-czlowiekiem-1090x1536.jpg 1090w, https:\/\/biblioteka-gabin.pl\/wp-content\/uploads\/2026\/04\/logo-pieknie-byc-czlowiekiem-1454x2048.jpg 1454w, https:\/\/biblioteka-gabin.pl\/wp-content\/uploads\/2026\/04\/logo-pieknie-byc-czlowiekiem-1024x1443.jpg 1024w\" sizes=\"auto, (max-width: 1817px) 100vw, 1817px\" loading=\"lazy\" decoding=\"async\" \/><\/a><\/figure>\n\n<div class=\"wp-block-post-excerpt\"><p class=\"wp-block-post-excerpt__excerpt\">Miejsko-Gminna Biblioteka Publiczna w G\u0105binie zaprasza na rejonowe eliminacje do <\/p><\/div>\n\n\n<hr class=\"wp-block-separator has-css-opacity\"\/>\n\n\n<div class=\"wp-block-post-date\"><time datetime=\"2026-04-08T08:06:08+00:00\">8 kwietnia, 2026<\/time><\/div>\n<\/li><li class=\"wp-block-post post-10785 post type-post status-publish format-standard has-post-thumbnail hentry category-main\">\n<h2 class=\"wp-block-post-title\"><a href=\"https:\/\/biblioteka-gabin.pl\/index.php\/2026\/04\/02\/zyczenia-wielkanocne-8\/\" target=\"_self\" >\u017byczenia Wielkanocne<\/a><\/h2>\n\n<figure class=\"alignwide wp-block-post-featured-image\"><a href=\"https:\/\/biblioteka-gabin.pl\/index.php\/2026\/04\/02\/zyczenia-wielkanocne-8\/\" target=\"_self\"  ><img width=\"1414\" height=\"2000\" src=\"https:\/\/biblioteka-gabin.pl\/wp-content\/uploads\/2026\/04\/Wesolego-Alleluja.png\" class=\"attachment-post-thumbnail size-post-thumbnail wp-post-image\" alt=\"\u017byczenia Wielkanocne\" style=\"object-fit:cover;\" srcset=\"https:\/\/biblioteka-gabin.pl\/wp-content\/uploads\/2026\/04\/Wesolego-Alleluja.png 1414w, https:\/\/biblioteka-gabin.pl\/wp-content\/uploads\/2026\/04\/Wesolego-Alleluja-212x300.png 212w, https:\/\/biblioteka-gabin.pl\/wp-content\/uploads\/2026\/04\/Wesolego-Alleluja-724x1024.png 724w, https:\/\/biblioteka-gabin.pl\/wp-content\/uploads\/2026\/04\/Wesolego-Alleluja-768x1086.png 768w, https:\/\/biblioteka-gabin.pl\/wp-content\/uploads\/2026\/04\/Wesolego-Alleluja-1086x1536.png 1086w, https:\/\/biblioteka-gabin.pl\/wp-content\/uploads\/2026\/04\/Wesolego-Alleluja-1024x1448.png 1024w\" sizes=\"auto, (max-width: 1414px) 100vw, 1414px\" loading=\"lazy\" decoding=\"async\" \/><\/a><\/figure>\n\n<div class=\"wp-block-post-excerpt\"><p class=\"wp-block-post-excerpt__excerpt\"> <\/p><\/div>\n\n\n<hr class=\"wp-block-separator has-css-opacity\"\/>\n\n\n<div class=\"wp-block-post-date\"><time datetime=\"2026-04-02T18:14:38+00:00\">2 kwietnia, 2026<\/time><\/div>\n<\/li><li class=\"wp-block-post post-10782 post type-post status-publish format-standard has-post-thumbnail hentry category-main category-ogloszenia\">\n<h2 class=\"wp-block-post-title\"><a href=\"https:\/\/biblioteka-gabin.pl\/index.php\/2026\/04\/01\/informacja-dla-czytelnika-6\/\" target=\"_self\" >Informacja dla Czytelnika<\/a><\/h2>\n\n<figure class=\"alignwide wp-block-post-featured-image\"><a href=\"https:\/\/biblioteka-gabin.pl\/index.php\/2026\/04\/01\/informacja-dla-czytelnika-6\/\" target=\"_self\"  ><img width=\"1200\" height=\"630\" src=\"https:\/\/biblioteka-gabin.pl\/wp-content\/uploads\/2026\/04\/Pracujaca-sobota-w-miesiacu-marcu.png\" class=\"attachment-post-thumbnail size-post-thumbnail wp-post-image\" alt=\"Informacja dla Czytelnika\" style=\"object-fit:cover;\" srcset=\"https:\/\/biblioteka-gabin.pl\/wp-content\/uploads\/2026\/04\/Pracujaca-sobota-w-miesiacu-marcu.png 1200w, https:\/\/biblioteka-gabin.pl\/wp-content\/uploads\/2026\/04\/Pracujaca-sobota-w-miesiacu-marcu-300x158.png 300w, https:\/\/biblioteka-gabin.pl\/wp-content\/uploads\/2026\/04\/Pracujaca-sobota-w-miesiacu-marcu-1024x538.png 1024w, https:\/\/biblioteka-gabin.pl\/wp-content\/uploads\/2026\/04\/Pracujaca-sobota-w-miesiacu-marcu-768x403.png 768w\" sizes=\"auto, (max-width: 1200px) 100vw, 1200px\" loading=\"lazy\" decoding=\"async\" \/><\/a><\/figure>\n\n<div class=\"wp-block-post-excerpt\"><p class=\"wp-block-post-excerpt__excerpt\"> <\/p><\/div>\n\n\n<hr class=\"wp-block-separator has-css-opacity\"\/>\n\n\n<div class=\"wp-block-post-date\"><time datetime=\"2026-04-01T20:07:26+00:00\">1 kwietnia, 2026<\/time><\/div>\n<\/li><\/ul><\/div>\n\n\n\n<div class=\"wp-block-buttons is-layout-flex wp-block-buttons-is-layout-flex\">\n<div class=\"wp-block-button\"><a class=\"wp-block-button__link wp-element-button\" href=\"https:\/\/biblioteka-gabin.pl\/index.php\/category\/main\/\">Wi\u0119cej<\/a><\/div>\n<\/div>\n\n\n\n<p><\/p>\n","protected":false},"excerpt":{"rendered":"<p>Witamy na nowej stronie Miejsko-Gminnej Biblioteki Publicznej w G\u0105binie!<\/p>\n","protected":false},"author":1,"featured_media":0,"parent":0,"menu_order":0,"comment_status":"closed","ping_status":"closed","template":"","meta":{"footnotes":""},"class_list":["post-1336","page","type-page","status-publish","hentry"],"yoast_head":"<!-- This site is optimized with the Yoast SEO plugin v27.0 - https:\/\/yoast.com\/product\/yoast-seo-wordpress\/ -->\n<title>G\u0142\u00f3wna - Miejsko-Gminna Biblioteka Publiczna w G\u0105binie<\/title>\n<meta name=\"robots\" content=\"index, follow, max-snippet:-1, max-image-preview:large, max-video-preview:-1\" \/>\n<link rel=\"canonical\" href=\"http:\/\/biblioteka-gabin.pl\/\" \/>\n<meta property=\"og:locale\" content=\"pl_PL\" \/>\n<meta property=\"og:type\" content=\"article\" \/>\n<meta property=\"og:title\" content=\"G\u0142\u00f3wna - Miejsko-Gminna Biblioteka Publiczna w G\u0105binie\" \/>\n<meta property=\"og:description\" content=\"Witamy na nowej stronie Miejsko-Gminnej Biblioteki Publicznej w G\u0105binie!\" \/>\n<meta property=\"og:url\" content=\"http:\/\/biblioteka-gabin.pl\/\" \/>\n<meta property=\"og:site_name\" content=\"Miejsko-Gminna Biblioteka Publiczna w G\u0105binie\" \/>\n<meta property=\"article:publisher\" content=\"https:\/\/www.facebook.com\/bibliotekagabin\" \/>\n<meta property=\"article:modified_time\" content=\"2026-02-20T18:46:31+00:00\" \/>\n<meta property=\"og:image\" content=\"https:\/\/biblioteka-gabin.pl\/wp-content\/uploads\/2026\/02\/80lat-1024x771.jpg\" \/>\n<meta name=\"twitter:card\" content=\"summary_large_image\" \/>\n<meta name=\"twitter:label1\" content=\"Szacowany czas czytania\" \/>\n\t<meta name=\"twitter:data1\" content=\"1 minuta\" \/>\n<script type=\"application\/ld+json\" class=\"yoast-schema-graph\">{\"@context\":\"https:\/\/schema.org\",\"@graph\":[{\"@type\":\"WebPage\",\"@id\":\"http:\/\/biblioteka-gabin.pl\/\",\"url\":\"http:\/\/biblioteka-gabin.pl\/\",\"name\":\"G\u0142\u00f3wna - Miejsko-Gminna Biblioteka Publiczna w G\u0105binie\",\"isPartOf\":{\"@id\":\"http:\/\/biblioteka-gabin.pl\/#website\"},\"primaryImageOfPage\":{\"@id\":\"http:\/\/biblioteka-gabin.pl\/#primaryimage\"},\"image\":{\"@id\":\"http:\/\/biblioteka-gabin.pl\/#primaryimage\"},\"thumbnailUrl\":\"https:\/\/biblioteka-gabin.pl\/wp-content\/uploads\/2026\/02\/80lat-1024x771.jpg\",\"datePublished\":\"2025-03-25T12:34:02+00:00\",\"dateModified\":\"2026-02-20T18:46:31+00:00\",\"breadcrumb\":{\"@id\":\"http:\/\/biblioteka-gabin.pl\/#breadcrumb\"},\"inLanguage\":\"pl-PL\",\"potentialAction\":[{\"@type\":\"ReadAction\",\"target\":[\"http:\/\/biblioteka-gabin.pl\/\"]}]},{\"@type\":\"ImageObject\",\"inLanguage\":\"pl-PL\",\"@id\":\"http:\/\/biblioteka-gabin.pl\/#primaryimage\",\"url\":\"https:\/\/biblioteka-gabin.pl\/wp-content\/uploads\/2026\/02\/80lat.jpg\",\"contentUrl\":\"https:\/\/biblioteka-gabin.pl\/wp-content\/uploads\/2026\/02\/80lat.jpg\",\"width\":1232,\"height\":928},{\"@type\":\"BreadcrumbList\",\"@id\":\"http:\/\/biblioteka-gabin.pl\/#breadcrumb\",\"itemListElement\":[{\"@type\":\"ListItem\",\"position\":1,\"name\":\"Strona g\u0142\u00f3wna\",\"item\":\"http:\/\/biblioteka-gabin.pl\/\"},{\"@type\":\"ListItem\",\"position\":2,\"name\":\"G\u0142\u00f3wna\"}]},{\"@type\":\"WebSite\",\"@id\":\"http:\/\/biblioteka-gabin.pl\/#website\",\"url\":\"http:\/\/biblioteka-gabin.pl\/\",\"name\":\"Miejsko-Gminna Biblioteka Publiczna w G\u0105binie\",\"description\":\"\",\"publisher\":{\"@id\":\"http:\/\/biblioteka-gabin.pl\/#organization\"},\"potentialAction\":[{\"@type\":\"SearchAction\",\"target\":{\"@type\":\"EntryPoint\",\"urlTemplate\":\"http:\/\/biblioteka-gabin.pl\/?s={search_term_string}\"},\"query-input\":{\"@type\":\"PropertyValueSpecification\",\"valueRequired\":true,\"valueName\":\"search_term_string\"}}],\"inLanguage\":\"pl-PL\"},{\"@type\":\"Organization\",\"@id\":\"http:\/\/biblioteka-gabin.pl\/#organization\",\"name\":\"Miejsko-Gminna Biblioteka Publiczna w G\u0105binie\",\"url\":\"http:\/\/biblioteka-gabin.pl\/\",\"logo\":{\"@type\":\"ImageObject\",\"inLanguage\":\"pl-PL\",\"@id\":\"http:\/\/biblioteka-gabin.pl\/#\/schema\/logo\/image\/\",\"url\":\"https:\/\/biblioteka-gabin.pl\/wp-content\/uploads\/2025\/03\/logo-biblioteka-2-1657013691-1.jpg\",\"contentUrl\":\"https:\/\/biblioteka-gabin.pl\/wp-content\/uploads\/2025\/03\/logo-biblioteka-2-1657013691-1.jpg\",\"width\":1600,\"height\":772,\"caption\":\"Miejsko-Gminna Biblioteka Publiczna w G\u0105binie\"},\"image\":{\"@id\":\"http:\/\/biblioteka-gabin.pl\/#\/schema\/logo\/image\/\"},\"sameAs\":[\"https:\/\/www.facebook.com\/bibliotekagabin\",\"https:\/\/www.youtube.com\/@mgbpgabin9392\"]}]}<\/script>\n<!-- \/ Yoast SEO plugin. -->","yoast_head_json":{"title":"G\u0142\u00f3wna - Miejsko-Gminna Biblioteka Publiczna w G\u0105binie","robots":{"index":"index","follow":"follow","max-snippet":"max-snippet:-1","max-image-preview":"max-image-preview:large","max-video-preview":"max-video-preview:-1"},"canonical":"http:\/\/biblioteka-gabin.pl\/","og_locale":"pl_PL","og_type":"article","og_title":"G\u0142\u00f3wna - Miejsko-Gminna Biblioteka Publiczna w G\u0105binie","og_description":"Witamy na nowej stronie Miejsko-Gminnej Biblioteki Publicznej w G\u0105binie!","og_url":"http:\/\/biblioteka-gabin.pl\/","og_site_name":"Miejsko-Gminna Biblioteka Publiczna w G\u0105binie","article_publisher":"https:\/\/www.facebook.com\/bibliotekagabin","article_modified_time":"2026-02-20T18:46:31+00:00","og_image":[{"url":"https:\/\/biblioteka-gabin.pl\/wp-content\/uploads\/2026\/02\/80lat-1024x771.jpg","type":"","width":"","height":""}],"twitter_card":"summary_large_image","twitter_misc":{"Szacowany czas czytania":"1 minuta"},"schema":{"@context":"https:\/\/schema.org","@graph":[{"@type":"WebPage","@id":"http:\/\/biblioteka-gabin.pl\/","url":"http:\/\/biblioteka-gabin.pl\/","name":"G\u0142\u00f3wna - Miejsko-Gminna Biblioteka Publiczna w G\u0105binie","isPartOf":{"@id":"http:\/\/biblioteka-gabin.pl\/#website"},"primaryImageOfPage":{"@id":"http:\/\/biblioteka-gabin.pl\/#primaryimage"},"image":{"@id":"http:\/\/biblioteka-gabin.pl\/#primaryimage"},"thumbnailUrl":"https:\/\/biblioteka-gabin.pl\/wp-content\/uploads\/2026\/02\/80lat-1024x771.jpg","datePublished":"2025-03-25T12:34:02+00:00","dateModified":"2026-02-20T18:46:31+00:00","breadcrumb":{"@id":"http:\/\/biblioteka-gabin.pl\/#breadcrumb"},"inLanguage":"pl-PL","potentialAction":[{"@type":"ReadAction","target":["http:\/\/biblioteka-gabin.pl\/"]}]},{"@type":"ImageObject","inLanguage":"pl-PL","@id":"http:\/\/biblioteka-gabin.pl\/#primaryimage","url":"https:\/\/biblioteka-gabin.pl\/wp-content\/uploads\/2026\/02\/80lat.jpg","contentUrl":"https:\/\/biblioteka-gabin.pl\/wp-content\/uploads\/2026\/02\/80lat.jpg","width":1232,"height":928},{"@type":"BreadcrumbList","@id":"http:\/\/biblioteka-gabin.pl\/#breadcrumb","itemListElement":[{"@type":"ListItem","position":1,"name":"Strona g\u0142\u00f3wna","item":"http:\/\/biblioteka-gabin.pl\/"},{"@type":"ListItem","position":2,"name":"G\u0142\u00f3wna"}]},{"@type":"WebSite","@id":"http:\/\/biblioteka-gabin.pl\/#website","url":"http:\/\/biblioteka-gabin.pl\/","name":"Miejsko-Gminna Biblioteka Publiczna w G\u0105binie","description":"","publisher":{"@id":"http:\/\/biblioteka-gabin.pl\/#organization"},"potentialAction":[{"@type":"SearchAction","target":{"@type":"EntryPoint","urlTemplate":"http:\/\/biblioteka-gabin.pl\/?s={search_term_string}"},"query-input":{"@type":"PropertyValueSpecification","valueRequired":true,"valueName":"search_term_string"}}],"inLanguage":"pl-PL"},{"@type":"Organization","@id":"http:\/\/biblioteka-gabin.pl\/#organization","name":"Miejsko-Gminna Biblioteka Publiczna w G\u0105binie","url":"http:\/\/biblioteka-gabin.pl\/","logo":{"@type":"ImageObject","inLanguage":"pl-PL","@id":"http:\/\/biblioteka-gabin.pl\/#\/schema\/logo\/image\/","url":"https:\/\/biblioteka-gabin.pl\/wp-content\/uploads\/2025\/03\/logo-biblioteka-2-1657013691-1.jpg","contentUrl":"https:\/\/biblioteka-gabin.pl\/wp-content\/uploads\/2025\/03\/logo-biblioteka-2-1657013691-1.jpg","width":1600,"height":772,"caption":"Miejsko-Gminna Biblioteka Publiczna w G\u0105binie"},"image":{"@id":"http:\/\/biblioteka-gabin.pl\/#\/schema\/logo\/image\/"},"sameAs":["https:\/\/www.facebook.com\/bibliotekagabin","https:\/\/www.youtube.com\/@mgbpgabin9392"]}]}},"_links":{"self":[{"href":"https:\/\/biblioteka-gabin.pl\/index.php\/wp-json\/wp\/v2\/pages\/1336","targetHints":{"allow":["GET"]}}],"collection":[{"href":"https:\/\/biblioteka-gabin.pl\/index.php\/wp-json\/wp\/v2\/pages"}],"about":[{"href":"https:\/\/biblioteka-gabin.pl\/index.php\/wp-json\/wp\/v2\/types\/page"}],"author":[{"embeddable":true,"href":"https:\/\/biblioteka-gabin.pl\/index.php\/wp-json\/wp\/v2\/users\/1"}],"replies":[{"embeddable":true,"href":"https:\/\/biblioteka-gabin.pl\/index.php\/wp-json\/wp\/v2\/comments?post=1336"}],"version-history":[{"count":17,"href":"https:\/\/biblioteka-gabin.pl\/index.php\/wp-json\/wp\/v2\/pages\/1336\/revisions"}],"predecessor-version":[{"id":10440,"href":"https:\/\/biblioteka-gabin.pl\/index.php\/wp-json\/wp\/v2\/pages\/1336\/revisions\/10440"}],"wp:attachment":[{"href":"https:\/\/biblioteka-gabin.pl\/index.php\/wp-json\/wp\/v2\/media?parent=1336"}],"curies":[{"name":"wp","href":"https:\/\/api.w.org\/{rel}","templated":true}]}}